{"id":49849,"date":"2023-12-16T01:52:36","date_gmt":"2023-12-15T23:52:36","guid":{"rendered":"https:\/\/descargar.app\/?page_id=49849"},"modified":"2024-01-04T05:31:49","modified_gmt":"2024-01-04T03:31:49","slug":"cassino55","status":"publish","type":"page","link":"https:\/\/descargar.app\/pt-br\/cassino55\/","title":{"rendered":"Cassino55 | An\u00e1lise Completa + B\u00f4nus de Boas-vindas no Brasil"},"content":{"rendered":"<\/p>\n<p>Bem-vindo ao descargar.app, um site onde pode obter as informa\u00e7\u00f5es necess\u00e1rias para fazer apostas desportivas e jogos de casino online informados. Neste sentido, <strong>trazemos-lhe toda a informa\u00e7\u00e3o sobre o Cassino55, um site que est\u00e1 a fazer furor no Brasil com a sua proposta de jogo inovadora e com os seus b\u00f3nus e promo\u00e7\u00f5es.<\/strong> Conseguir\u00e1 obter um b\u00f3nus de boas-vindas para jogar aqui? Que produtos de jogo tem? \u00c9 seguro jogar l\u00e1? Analisamos tudo neste artigo. <a href=\"https:\/\/recor.to\/cassino55\" target=\"_blank\" rel=\"noopener\"><strong>Entre agora para saber mais sobre o site.<\/strong><\/a><\/p>\n<\/p>\n<figure><a href=\"https:\/\/recor.to\/cassino55\" target=\"_blank\" rel=\"noreferrer noopener\"><img decoding=\"async\" src=\"https:\/\/descargar.app\/wp-content\/uploads\/2023\/12\/CASSINO55-1024x437.png\" alt=\"cassino55 em brasil\"><\/a><\/figure>\n<\/p>\n<h2 id=\"h-sobre-o-cassino55\">Sobre o Cassino55<\/h2>\n<\/p>\n<p><strong>A primeira coisa que queremos falar com voc\u00ea \u00e9 sobre as informa\u00e7\u00f5es gerais do Cassino55.<\/strong> \u00c9 importante que voc\u00ea conhe\u00e7a o site se estiver interessado em jogar nele.<\/p>\n<p><strong>O Cassino55 \u00e9 uma plataforma altamente recomendada por um n\u00famero cada vez maior de usu\u00e1rios de cassinos on-line em nosso pa\u00eds.<\/strong> Os jogadores que procuram produtos de qualidade t\u00eam essa plataforma em alta estima. O cat\u00e1logo de jogos, com mais de 6.000 produtos, \u00e9 um dos mais recomendados. Al\u00e9m disso, n\u00e3o se trata apenas de quantidade, mas h\u00e1 jogos de enorme qualidade, reconhecidos mundialmente com aclama\u00e7\u00e3o da cr\u00edtica.<\/p>\n<p>Voc\u00ea deve saber que o Cassino55 pertence e \u00e9 operado pela Rawingo N.V. (reg. nr. 153084), uma empresa registrada em Cura\u00e7ao. Ela exibe as licen\u00e7as apropriadas para operar com seguran\u00e7a e em conformidade com as regulamenta\u00e7\u00f5es necess\u00e1rias. Al\u00e9m disso, a pol\u00edtica da empresa inclui testar os jogos com empresas independentes, que verificam se os jogos s\u00e3o justos e funcionam corretamente.<\/p>\n<p>Obviamente, <strong>se voc\u00ea quiser participar do Cassino55, dever\u00e1 ter mais de 18 anos de idade.<\/strong> O site adere \u00e0s pol\u00edticas de jogo respons\u00e1vel e tem recursos para evitar o v\u00edcio. <strong>Ele tamb\u00e9m tem op\u00e7\u00f5es de transfer\u00eancia convenientes.<\/strong><\/p>\n<\/p>\n<h3 id=\"h-aproveite-o-catalogo-de-mais-de-6-000-jogos-na-cassino55\">Aproveite o cat\u00e1logo de mais de 6.000 jogos na Cassino55!<\/h3>\n<\/p>\n<p>Como mencionamos, <strong>a Cassino55 \u00e9 uma plataforma que tem um cat\u00e1logo de luxo com o qual se pode jogar.<\/strong> H\u00e1 mais de <strong>6.000 jogos no cat\u00e1logo, e<\/strong> eles se destacam n\u00e3o apenas pela quantidade, mas tamb\u00e9m pela qualidade dos jogos.<\/p>\n<p><strong>Mais de 50 dos produtores mais renomados do mundo fornecem jogos para a Cassino55.<\/strong> Os melhores ca\u00e7a-n\u00edqueis, jogos de v\u00eddeo, cassino ao vivo e muito mais est\u00e3o dispon\u00edveis nessa plataforma. Entre os jogos, voc\u00ea encontrar\u00e1 alguns deles premiados por cr\u00edticos internacionais, que elogiam o bom desempenho e a qualidade da jogabilidade.<\/p>\n<p>Para garantir jogos justos e de alta qualidade, <strong>o Cassino55 terceiriza uma empresa que testa os jogos. Essa empresa \u00e9 a iTech Labs e garante que os jogos atendam aos mais altos padr\u00f5es.<\/strong><\/p>\n<p>Os jogos incluem ca\u00e7a-n\u00edqueis, alguns dos quais com jackpots, com muitas variantes de jogos. H\u00e1 tamb\u00e9m videogames que simulam jogos de cassino e, o melhor de tudo, salas de cassino ao vivo com jogos de cartas, roleta e dados. <a href=\"https:\/\/recor.to\/cassino55\" target=\"_blank\" rel=\"noopener\"><strong>N\u00e3o perca essa proposta!<\/strong><\/a><\/p>\n<\/p>\n<h2 id=\"h-promocoes-e-bonus-disponiveis-no-cassino55\">Promo\u00e7\u00f5es e b\u00f4nus dispon\u00edveis no Cassino55<\/h2>\n<\/p>\n<p><strong>Uma das caracter\u00edsticas do Cassino55 s\u00e3o suas in\u00fameras e inovadoras ofertas em termos de b\u00f4nus e promo\u00e7\u00f5es.<\/strong> Atualmente, a plataforma tem os seguintes tipos de promo\u00e7\u00f5es:<\/p>\n<ul>\n<li><strong>B\u00f4nus de Boas-Vindas:<\/strong> Esta \u00e9 <a href=\"https:\/\/recor.to\/cassino55\" target=\"_blank\" rel=\"noopener\"><strong>uma promo\u00e7\u00e3o destinada a novos usu\u00e1rios<\/strong><\/a> que desejam se associar ao Cassino55, que bonifica o primeiro dep\u00f3sito, dando-lhe mais saldo para jogar. Al\u00e9m disso, um segundo b\u00f4nus de dep\u00f3sito est\u00e1 dispon\u00edvel no momento.<\/li>\n<li><strong>Torneios semanais de cassino:<\/strong> os torneios de cassino permitem que voc\u00ea aumente os seus ganhos se jogar regularmente em ca\u00e7a-n\u00edqueis selecionados. Suas jogadas e vit\u00f3rias lhe render\u00e3o pontos e lhe permitir\u00e3o competir por pr\u00eamios incr\u00edveis com outros jogadores.<\/li>\n<li><strong>B\u00f4nus de dep\u00f3sito:<\/strong> Em dias selecionados, o Cassino55 aumenta os seus dep\u00f3sitos. Voc\u00ea deve estar atento para n\u00e3o perder a oportunidade.<\/li>\n<li><strong>Apostas gr\u00e1tis:<\/strong> em jogos como o Aviator Thunder (um dos mais procurados pelos usu\u00e1rios), o site oferece apostas gr\u00e1tis em dias e condi\u00e7\u00f5es espec\u00edficos.<\/li>\n<li><strong>Recompensas por recomendar um amigo:<\/strong> se voc\u00ea recomendar o site a um amigo e ele se registrar e come\u00e7ar a jogar, voc\u00ea receber\u00e1 recompensas por cada aposta que ele fizer.<\/li>\n<\/ul>\n<\/p>\n<figure><a href=\"https:\/\/recor.to\/cassino55\" target=\"_blank\" rel=\"noreferrer noopener\"><img decoding=\"async\" src=\"https:\/\/descargar.app\/wp-content\/uploads\/2023\/12\/cassino55-em-brasil-1024x458.png\" alt=\"cassino b\u00f4nus\"><\/a><\/figure>\n<\/p>\n<h3 id=\"h-obtener-bono-de-bienvenida\">Obter b\u00f4nus de boas-vindas<\/h3>\n<\/p>\n<p>Caso voc\u00ea seja novo no Cassino55, <strong>uma excelente oferta de boas-vindas para novos usu\u00e1rios est\u00e1 \u00e0 sua espera.<\/strong> <strong>O b\u00f4nus de boas-vindas do site consiste em dobrar o seu primeiro dep\u00f3sito e voc\u00ea pode receber at\u00e9 R$ 1.000 em dinheiro de b\u00f4nus.<\/strong> Isso significa que, se voc\u00ea se inscrever e depositar R$ 1.000 ou mais, ter\u00e1 essa quantia extra para jogar. Se decidir depositar uma quantia menor, voc\u00ea receber\u00e1 o dobro!<\/p>\n<p>\u00c9 claro que voc\u00ea deve observar que certos termos e condi\u00e7\u00f5es se aplicam a essa promo\u00e7\u00e3o, como acontece com qualquer promo\u00e7\u00e3o oferecida em sites desse estilo. Eles definem os benef\u00edcios e as obriga\u00e7\u00f5es que o b\u00f4nus lhe oferece.<\/p>\n<p>Se quiser solicitar o b\u00f4nus, siga estas etapas, pois \u00e9 muito simples:<\/p>\n<ol>\n<li><a href=\"https:\/\/recor.to\/cassino55\" target=\"_blank\" rel=\"noopener\"><strong>Fa\u00e7a login no site a partir de qualquer um de nossos links promocionais.<\/strong><\/a><\/li>\n<li><strong>Crie sua conta Cassino55.<\/strong> O processo de registro \u00e9 totalmente gratuito.<\/li>\n<li>Fa\u00e7a o login e v\u00e1 para a p\u00e1gina de dep\u00f3sito. Quando fizer o primeiro dep\u00f3sito, <strong>selecione o b\u00f4nus na lista de ofertas dispon\u00edveis.<\/strong><\/li>\n<li><strong>Fa\u00e7a seu dep\u00f3sito usando qualquer uma das op\u00e7\u00f5es de pagamento dispon\u00edveis no Cassino55.<\/strong><\/li>\n<li>\u00c9 isso a\u00ed! <strong>Quando o pagamento for creditado, o b\u00f4nus ser\u00e1 creditado automaticamente.<\/strong> Aproveite!<\/li>\n<li>Depois de cumprir os requisitos de apostas, voc\u00ea pode adicionar <strong>um b\u00f4nus extra de segundo dep\u00f3sito de 50% at\u00e9 R$ 100,<\/strong> n\u00e3o perca essa oportunidade!<\/li>\n<\/ol>\n<\/p>\n<h3 id=\"h-participe-do-programa-vip\">Participe do Programa VIP!<\/h3>\n<\/p>\n<p><strong>O Cassino55 tem diferentes n\u00edveis de ofertas e promo\u00e7\u00f5es.<\/strong> Dentro desses n\u00edveis, o programa VIP \u00e9 altamente recomendado se voc\u00ea quiser jogar regularmente na plataforma.<\/p>\n<p>Assim que fizer sua primeira aposta de dinheiro real no Cassino55, voc\u00ea desbloquear\u00e1 o n\u00edvel b\u00e1sico do programa VIP. Naturalmente, <strong>esse n\u00edvel b\u00e1sico tem promo\u00e7\u00f5es mais modestas, enquanto os n\u00edveis mais altos do programa VIP t\u00eam ofertas realmente deslumbrantes.<\/strong><\/p>\n<p>Se decidir participar do programa VIP, <strong>voc\u00ea encontrar\u00e1 5 n\u00edveis de benef\u00edcios. N\u00edvel Vermelho, N\u00edvel Diamante, N\u00edvel Platina, N\u00edvel VIP e N\u00edvel Super VIP. Cada um tem seus pr\u00f3prios benef\u00edcios para os usu\u00e1rios.<\/strong><\/p>\n<p><strong>Para passar de um n\u00edvel para outro dos programas VIP, voc\u00ea precisar\u00e1 ganhar pontos de fidelidade.<\/strong> Esses pontos s\u00e3o obtidos ao jogar na plataforma com dinheiro real. Se conseguir atingir mais de 10.000 pontos de fidelidade, voc\u00ea ter\u00e1 acesso ao n\u00edvel Super VIP, o n\u00edvel mais alto da plataforma. Nesse n\u00edvel, <strong>voc\u00ea encontrar\u00e1 15% de cashback, b\u00f4nus sem apostas, eventos exclusivos, b\u00f4nus VIP, mercadorias e um gerente de equipe dedicado.<\/strong> <a href=\"https:\/\/recor.to\/cassino55\" target=\"_blank\" rel=\"noopener\"><strong>Fa\u00e7a o login e registre sua conta agora para ganhar pontos de fidelidade!<\/strong><\/a><\/p>\n<\/p>\n<h2 id=\"h-baixe-o-aplicativo-para-jogar-cassino55-no-seu-celular\">Baixe o aplicativo para jogar Cassino55 no seu celular!<\/h2>\n<\/p>\n<p><strong>A Cassino55 se mant\u00e9m a par das novas tend\u00eancias.<\/strong> Cada vez mais usu\u00e1rios est\u00e3o usando seus dispositivos m\u00f3veis para participar de sites de jogos de azar on-line.<\/p>\n<p><strong>\u00c9 por isso que o Cassino55 <a href=\"https:\/\/descargar.app\/pt-br\/cassino55-download-aplicativo-apk-android-app\/\" target=\"_blank\" rel=\"noopener\">desenvolveu um excelente aplicativo m\u00f3vel,<\/a> que est\u00e1 dispon\u00edvel para dispositivos com diferentes sistemas operacionais.<\/strong> Se quiser fazer o download, <a href=\"https:\/\/recor.to\/cassino55\" target=\"_blank\" rel=\"noopener\">entre no site e procure a se\u00e7\u00e3o &#8220;App&#8221;<\/a>, ou encontre uma guia espec\u00edfica na se\u00e7\u00e3o &#8220;Promo\u00e7\u00f5es&#8221;.<\/p>\n<p>Ao entrar nessa se\u00e7\u00e3o do Cassino55, voc\u00ea ter\u00e1 as indica\u00e7\u00f5es e o acesso ao download para o seu dispositivo m\u00f3vel. <strong>Se voc\u00ea tiver um dispositivo Android, o site permitir\u00e1 que voc\u00ea baixe o arquivo de instala\u00e7\u00e3o a partir dele.<\/strong> Por outro lado, se voc\u00ea tiver iOS, poder\u00e1 fazer o download do aplicativo na AppStore.<\/p>\n<p>Al\u00e9m disso, <strong>o site anunciou o lan\u00e7amento futuro de aplicativos para Windows e Mac.<\/strong> Isso \u00e9 para maximizar o desempenho da plataforma em computadores.<\/p>\n<\/p>\n<h3 id=\"h-metodos-de-pagamento-para-depositos-e-saques\">M\u00e9todos de pagamento para dep\u00f3sitos e saques<\/h3>\n<\/p>\n<p><strong>A quest\u00e3o dos m\u00e9todos de pagamento para dep\u00f3sito e saque em sites como o Cassino55 n\u00e3o \u00e9 de pouca import\u00e2ncia.<\/strong> Em \u00faltima an\u00e1lise, \u00e9 o que garante que voc\u00ea possa jogar com dinheiro real nesse site.<\/p>\n<p>Nesse sentido,<strong> voc\u00ea deve saber que o Cassino55 tem v\u00e1rias op\u00e7\u00f5es para transfer\u00eancias.<\/strong> Todas as op\u00e7\u00f5es s\u00e3o de credenciamento instant\u00e2neo, o que \u00e9 uma vantagem em rela\u00e7\u00e3o a outros sites que podem ter um atraso em alguns dos m\u00e9todos.<\/p>\n<p>No momento, as op\u00e7\u00f5es de <strong>transfer\u00eancia banc\u00e1ria<\/strong> est\u00e3o habilitadas, incluindo o banco on-line. Al\u00e9m disso, voc\u00ea encontrar\u00e1 op\u00e7\u00f5es como <strong>PaySafe Card, OXXO, WebPay, Western Union e muitas outras.<\/strong> Entre as op\u00e7\u00f5es est\u00e3o as <strong>criptomoedas<\/strong>, um mecanismo cada vez mais utilizado pelos usu\u00e1rios. Diferentes criptomoedas s\u00e3o recebidas pela Cassino55. Todos os m\u00e9todos de pagamento s\u00e3o, <a href=\"https:\/\/recor.to\/cassino55\" target=\"_blank\" rel=\"noopener\"><strong>em princ\u00edpio, compat\u00edveis com o b\u00f4nus de boas-vindas que voc\u00ea pode aproveitar ao fazer login agora!<\/strong><\/a><\/p>\n<\/p>\n<figure><a href=\"https:\/\/recor.to\/cassino55\" target=\"_blank\" rel=\"noreferrer noopener\"><img decoding=\"async\" src=\"https:\/\/descargar.app\/wp-content\/uploads\/2023\/12\/cassino-bonus-1024x467.png\" alt=\"CASSINO55\"><\/a><\/figure>\n<\/p>\n<p>[ratings]<\/p>\n<\/p>\n<h2 id=\"h-perguntas-frequentes-sobre-o-cassino55\">Perguntas freq\u00fcentes sobre o Cassino55<\/h2>\n<\/p>\n<p><strong>O que \u00e9 Cassino55?<\/strong> <\/p>\n<p>Cassino55 \u00e9 uma plataforma de jogos on-line especializada em jogos de cassino.<\/p>\n<p><strong>Quais produtos de jogos eu encontrarei na Cassino55?<\/strong> <\/p>\n<p>Voc\u00ea encontrar\u00e1 ca\u00e7a-n\u00edqueis, jogos de cassino em v\u00eddeo, Aviator e salas de cassino ao vivo, entre outras op\u00e7\u00f5es.<\/p>\n<p><strong>H\u00e1 apostas esportivas no Cassino55?<\/strong> <\/p>\n<p>N\u00e3o, voc\u00ea n\u00e3o encontrar\u00e1 apostas esportivas nessa plataforma, pois ela \u00e9 especializada em cassino.<\/p>\n<p><strong>Existe um b\u00f4nus de boas-vindas para novos usu\u00e1rios no Cassino55?<\/strong> <\/p>\n<p>Sim, h\u00e1 um b\u00f4nus de boas-vindas que lhe oferece um extra de 100% at\u00e9 R$ 1.000 no seu primeiro dep\u00f3sito.<\/p>\n<p><strong>Que outras promo\u00e7\u00f5es o Cassino55 oferece?<\/strong> <\/p>\n<p>B\u00f4nus de dep\u00f3sito, torneios de cassino, apostas gr\u00e1tis em jogos como Aviator e muito mais.<\/p>\n<p><strong>Posso jogar no Cassino55 pelo meu celular?<\/strong> <\/p>\n<p>Sim, o site tem um aplicativo dispon\u00edvel para Android e iOS, e em breve lan\u00e7ar\u00e1 um aplicativo para Windows e Mac.<\/p>\n<p><strong>\u00c9 seguro jogar no Cassino55?<\/strong> <\/p>\n<p>Sim, \u00e9 totalmente seguro.<\/p><\/p>\n","protected":false},"excerpt":{"rendered":"<p>Bem-vindo ao descargar.app, um site onde pode obter as informa\u00e7\u00f5es necess\u00e1rias para fazer apostas desportivas e jogos de casino online informados. Neste sentido, trazemos-lhe toda a informa\u00e7\u00e3o sobre o Cassino55, um site que est\u00e1 a fazer furor no Brasil com a sua proposta de jogo inovadora e com os seus b\u00f3nus e promo\u00e7\u00f5es. Conseguir\u00e1 obter &#8230; <a title=\"Cassino55 | An\u00e1lise Completa + B\u00f4nus de Boas-vindas no Brasil\" class=\"read-more\" href=\"https:\/\/descargar.app\/pt-br\/cassino55\/\" aria-label=\"Read more about Cassino55 | An\u00e1lise Completa + B\u00f4nus de Boas-vindas no Brasil\">Leia mais<\/a><\/p>\n","protected":false},"author":35,"featured_media":0,"parent":0,"menu_order":0,"comment_status":"closed","ping_status":"closed","template":"","meta":{"_uag_custom_page_level_css":"","generate_page_header":"","footnotes":""},"class_list":["post-49849","page","type-page","status-publish"],"yoast_head":"<!-- This site is optimized with the Yoast SEO Premium plugin v27.1 (Yoast SEO v27.3) - https:\/\/yoast.com\/product\/yoast-seo-premium-wordpress\/ -->\n<title>Cassino55 | An\u00e1lise Completa + B\u00f4nus de Boas-vindas no Brasil - Descargar App<\/title>\n<meta name=\"description\" content=\"\u25b7 Avalia\u00e7\u00e3o COMPLETA da Cassino55 para usu\u00e1rios do Brasil \u2714\ufe0f B\u00f4nus de Boas-vindas dispon\u00edveis \u2714\ufe0f Jogos de Cassino, Jogos Crash e Aviator \u2714\ufe0f\" \/>\n<meta name=\"robots\" content=\"index, follow, max-snippet:-1, max-image-preview:large, max-video-preview:-1\" \/>\n<link rel=\"canonical\" href=\"https:\/\/descargar.app\/pt-br\/cassino55\/\" \/>\n<meta property=\"og:locale\" content=\"pt_BR\" \/>\n<meta property=\"og:type\" content=\"article\" \/>\n<meta property=\"og:title\" content=\"Cassino55 | An\u00e1lise Completa + B\u00f4nus de Boas-vindas no Brasil\" \/>\n<meta property=\"og:description\" content=\"\u25b7 Avalia\u00e7\u00e3o COMPLETA da Cassino55 para usu\u00e1rios do Brasil \u2714\ufe0f B\u00f4nus de Boas-vindas dispon\u00edveis \u2714\ufe0f Jogos de Cassino, Jogos Crash e Aviator \u2714\ufe0f\" \/>\n<meta property=\"og:url\" content=\"https:\/\/descargar.app\/pt-br\/cassino55\/\" \/>\n<meta property=\"og:site_name\" content=\"Descargar App\" \/>\n<meta property=\"article:modified_time\" content=\"2024-01-04T03:31:49+00:00\" \/>\n<meta property=\"og:image\" content=\"https:\/\/descargar.app\/wp-content\/uploads\/2023\/12\/CASSINO55-1024x437.png\" \/>\n<meta name=\"twitter:card\" content=\"summary_large_image\" \/>\n<meta name=\"twitter:label1\" content=\"Est. tempo de leitura\" \/>\n\t<meta name=\"twitter:data1\" content=\"8 minutos\" \/>\n<script type=\"application\/ld+json\" class=\"yoast-schema-graph\">{\"@context\":\"https:\\\/\\\/schema.org\",\"@graph\":[{\"@type\":\"WebPage\",\"@id\":\"https:\\\/\\\/descargar.app\\\/pt-br\\\/cassino55\\\/\",\"url\":\"https:\\\/\\\/descargar.app\\\/pt-br\\\/cassino55\\\/\",\"name\":\"Cassino55 | An\u00e1lise Completa + B\u00f4nus de Boas-vindas no Brasil - Descargar App\",\"isPartOf\":{\"@id\":\"https:\\\/\\\/descargar.app\\\/#website\"},\"primaryImageOfPage\":{\"@id\":\"https:\\\/\\\/descargar.app\\\/pt-br\\\/cassino55\\\/#primaryimage\"},\"image\":{\"@id\":\"https:\\\/\\\/descargar.app\\\/pt-br\\\/cassino55\\\/#primaryimage\"},\"thumbnailUrl\":\"https:\\\/\\\/descargar.app\\\/wp-content\\\/uploads\\\/2023\\\/12\\\/CASSINO55-1024x437.png\",\"datePublished\":\"2023-12-15T23:52:36+00:00\",\"dateModified\":\"2024-01-04T03:31:49+00:00\",\"description\":\"\u25b7 Avalia\u00e7\u00e3o COMPLETA da Cassino55 para usu\u00e1rios do Brasil \u2714\ufe0f B\u00f4nus de Boas-vindas dispon\u00edveis \u2714\ufe0f Jogos de Cassino, Jogos Crash e Aviator \u2714\ufe0f\",\"breadcrumb\":{\"@id\":\"https:\\\/\\\/descargar.app\\\/pt-br\\\/cassino55\\\/#breadcrumb\"},\"inLanguage\":\"pt-BR\",\"potentialAction\":[{\"@type\":\"ReadAction\",\"target\":[\"https:\\\/\\\/descargar.app\\\/pt-br\\\/cassino55\\\/\"]}]},{\"@type\":\"ImageObject\",\"inLanguage\":\"pt-BR\",\"@id\":\"https:\\\/\\\/descargar.app\\\/pt-br\\\/cassino55\\\/#primaryimage\",\"url\":\"https:\\\/\\\/descargar.app\\\/wp-content\\\/uploads\\\/2023\\\/12\\\/CASSINO55-1024x437.png\",\"contentUrl\":\"https:\\\/\\\/descargar.app\\\/wp-content\\\/uploads\\\/2023\\\/12\\\/CASSINO55-1024x437.png\"},{\"@type\":\"BreadcrumbList\",\"@id\":\"https:\\\/\\\/descargar.app\\\/pt-br\\\/cassino55\\\/#breadcrumb\",\"itemListElement\":[{\"@type\":\"ListItem\",\"position\":1,\"name\":\"Portada\",\"item\":\"https:\\\/\\\/descargar.app\\\/\"},{\"@type\":\"ListItem\",\"position\":2,\"name\":\"Cassino55 | An\u00e1lise Completa + B\u00f4nus de Boas-vindas no Brasil\"}]},{\"@type\":\"WebSite\",\"@id\":\"https:\\\/\\\/descargar.app\\\/#website\",\"url\":\"https:\\\/\\\/descargar.app\\\/\",\"name\":\"Descargar App\",\"description\":\"\",\"publisher\":{\"@id\":\"https:\\\/\\\/descargar.app\\\/#organization\"},\"potentialAction\":[{\"@type\":\"SearchAction\",\"target\":{\"@type\":\"EntryPoint\",\"urlTemplate\":\"https:\\\/\\\/descargar.app\\\/?s={search_term_string}\"},\"query-input\":{\"@type\":\"PropertyValueSpecification\",\"valueRequired\":true,\"valueName\":\"search_term_string\"}}],\"inLanguage\":\"pt-BR\"},{\"@type\":\"Organization\",\"@id\":\"https:\\\/\\\/descargar.app\\\/#organization\",\"name\":\"Descargar App\",\"url\":\"https:\\\/\\\/descargar.app\\\/\",\"logo\":{\"@type\":\"ImageObject\",\"inLanguage\":\"pt-BR\",\"@id\":\"https:\\\/\\\/descargar.app\\\/#\\\/schema\\\/logo\\\/image\\\/\",\"url\":\"https:\\\/\\\/descargar.app\\\/wp-content\\\/uploads\\\/2019\\\/03\\\/logo-descargarapphome-1.png\",\"contentUrl\":\"https:\\\/\\\/descargar.app\\\/wp-content\\\/uploads\\\/2019\\\/03\\\/logo-descargarapphome-1.png\",\"width\":350,\"height\":70,\"caption\":\"Descargar App\"},\"image\":{\"@id\":\"https:\\\/\\\/descargar.app\\\/#\\\/schema\\\/logo\\\/image\\\/\"}}]}<\/script>\n<!-- \/ Yoast SEO Premium plugin. -->","yoast_head_json":{"title":"Cassino55 | An\u00e1lise Completa + B\u00f4nus de Boas-vindas no Brasil - Descargar App","description":"\u25b7 Avalia\u00e7\u00e3o COMPLETA da Cassino55 para usu\u00e1rios do Brasil \u2714\ufe0f B\u00f4nus de Boas-vindas dispon\u00edveis \u2714\ufe0f Jogos de Cassino, Jogos Crash e Aviator \u2714\ufe0f","robots":{"index":"index","follow":"follow","max-snippet":"max-snippet:-1","max-image-preview":"max-image-preview:large","max-video-preview":"max-video-preview:-1"},"canonical":"https:\/\/descargar.app\/pt-br\/cassino55\/","og_locale":"pt_BR","og_type":"article","og_title":"Cassino55 | An\u00e1lise Completa + B\u00f4nus de Boas-vindas no Brasil","og_description":"\u25b7 Avalia\u00e7\u00e3o COMPLETA da Cassino55 para usu\u00e1rios do Brasil \u2714\ufe0f B\u00f4nus de Boas-vindas dispon\u00edveis \u2714\ufe0f Jogos de Cassino, Jogos Crash e Aviator \u2714\ufe0f","og_url":"https:\/\/descargar.app\/pt-br\/cassino55\/","og_site_name":"Descargar App","article_modified_time":"2024-01-04T03:31:49+00:00","og_image":[{"url":"https:\/\/descargar.app\/wp-content\/uploads\/2023\/12\/CASSINO55-1024x437.png","type":"","width":"","height":""}],"twitter_card":"summary_large_image","twitter_misc":{"Est. tempo de leitura":"8 minutos"},"schema":{"@context":"https:\/\/schema.org","@graph":[{"@type":"WebPage","@id":"https:\/\/descargar.app\/pt-br\/cassino55\/","url":"https:\/\/descargar.app\/pt-br\/cassino55\/","name":"Cassino55 | An\u00e1lise Completa + B\u00f4nus de Boas-vindas no Brasil - Descargar App","isPartOf":{"@id":"https:\/\/descargar.app\/#website"},"primaryImageOfPage":{"@id":"https:\/\/descargar.app\/pt-br\/cassino55\/#primaryimage"},"image":{"@id":"https:\/\/descargar.app\/pt-br\/cassino55\/#primaryimage"},"thumbnailUrl":"https:\/\/descargar.app\/wp-content\/uploads\/2023\/12\/CASSINO55-1024x437.png","datePublished":"2023-12-15T23:52:36+00:00","dateModified":"2024-01-04T03:31:49+00:00","description":"\u25b7 Avalia\u00e7\u00e3o COMPLETA da Cassino55 para usu\u00e1rios do Brasil \u2714\ufe0f B\u00f4nus de Boas-vindas dispon\u00edveis \u2714\ufe0f Jogos de Cassino, Jogos Crash e Aviator \u2714\ufe0f","breadcrumb":{"@id":"https:\/\/descargar.app\/pt-br\/cassino55\/#breadcrumb"},"inLanguage":"pt-BR","potentialAction":[{"@type":"ReadAction","target":["https:\/\/descargar.app\/pt-br\/cassino55\/"]}]},{"@type":"ImageObject","inLanguage":"pt-BR","@id":"https:\/\/descargar.app\/pt-br\/cassino55\/#primaryimage","url":"https:\/\/descargar.app\/wp-content\/uploads\/2023\/12\/CASSINO55-1024x437.png","contentUrl":"https:\/\/descargar.app\/wp-content\/uploads\/2023\/12\/CASSINO55-1024x437.png"},{"@type":"BreadcrumbList","@id":"https:\/\/descargar.app\/pt-br\/cassino55\/#breadcrumb","itemListElement":[{"@type":"ListItem","position":1,"name":"Portada","item":"https:\/\/descargar.app\/"},{"@type":"ListItem","position":2,"name":"Cassino55 | An\u00e1lise Completa + B\u00f4nus de Boas-vindas no Brasil"}]},{"@type":"WebSite","@id":"https:\/\/descargar.app\/#website","url":"https:\/\/descargar.app\/","name":"Descargar App","description":"","publisher":{"@id":"https:\/\/descargar.app\/#organization"},"potentialAction":[{"@type":"SearchAction","target":{"@type":"EntryPoint","urlTemplate":"https:\/\/descargar.app\/?s={search_term_string}"},"query-input":{"@type":"PropertyValueSpecification","valueRequired":true,"valueName":"search_term_string"}}],"inLanguage":"pt-BR"},{"@type":"Organization","@id":"https:\/\/descargar.app\/#organization","name":"Descargar App","url":"https:\/\/descargar.app\/","logo":{"@type":"ImageObject","inLanguage":"pt-BR","@id":"https:\/\/descargar.app\/#\/schema\/logo\/image\/","url":"https:\/\/descargar.app\/wp-content\/uploads\/2019\/03\/logo-descargarapphome-1.png","contentUrl":"https:\/\/descargar.app\/wp-content\/uploads\/2019\/03\/logo-descargarapphome-1.png","width":350,"height":70,"caption":"Descargar App"},"image":{"@id":"https:\/\/descargar.app\/#\/schema\/logo\/image\/"}}]}},"uagb_featured_image_src":{"full":false,"thumbnail":false,"medium":false,"medium_large":false,"large":false,"1536x1536":false,"2048x2048":false},"uagb_author_info":{"display_name":"Federico Casas","author_link":"https:\/\/descargar.app\/pt-br\/author\/federico-casas\/"},"uagb_comment_info":0,"uagb_excerpt":"Bem-vindo ao descargar.app, um site onde pode obter as informa\u00e7\u00f5es necess\u00e1rias para fazer apostas desportivas e jogos de casino online informados. Neste sentido, trazemos-lhe toda a informa\u00e7\u00e3o sobre o Cassino55, um site que est\u00e1 a fazer furor no Brasil com a sua proposta de jogo inovadora e com os seus b\u00f3nus e promo\u00e7\u00f5es. Conseguir\u00e1 obter&hellip;","_links":{"self":[{"href":"https:\/\/descargar.app\/pt-br\/wp-json\/wp\/v2\/pages\/49849","targetHints":{"allow":["GET"]}}],"collection":[{"href":"https:\/\/descargar.app\/pt-br\/wp-json\/wp\/v2\/pages"}],"about":[{"href":"https:\/\/descargar.app\/pt-br\/wp-json\/wp\/v2\/types\/page"}],"author":[{"embeddable":true,"href":"https:\/\/descargar.app\/pt-br\/wp-json\/wp\/v2\/users\/35"}],"replies":[{"embeddable":true,"href":"https:\/\/descargar.app\/pt-br\/wp-json\/wp\/v2\/comments?post=49849"}],"version-history":[{"count":8,"href":"https:\/\/descargar.app\/pt-br\/wp-json\/wp\/v2\/pages\/49849\/revisions"}],"predecessor-version":[{"id":50409,"href":"https:\/\/descargar.app\/pt-br\/wp-json\/wp\/v2\/pages\/49849\/revisions\/50409"}],"wp:attachment":[{"href":"https:\/\/descargar.app\/pt-br\/wp-json\/wp\/v2\/media?parent=49849"}],"curies":[{"name":"wp","href":"https:\/\/api.w.org\/{rel}","templated":true}]}}