{"id":31957,"date":"2023-01-19T14:00:13","date_gmt":"2023-01-19T12:00:13","guid":{"rendered":"https:\/\/descargar.app\/?page_id=31957"},"modified":"2023-01-22T22:32:03","modified_gmt":"2023-01-22T20:32:03","slug":"peru-editar","status":"publish","type":"page","link":"https:\/\/descargar.app\/pe\/","title":{"rendered":"Mejores Aplicaciones de Apuestas en Per\u00fa"},"content":{"rendered":"<h2>mejores APPS de las casas de apuestas<\/h2>\n<h2>Disponibles en Per\u00fa<\/h2>\n<p>Lo mejor de <strong>los m\u00e1s completos sportsbooks del mercado y los juegos de casino m\u00e1s codiciados <\/strong>por los aficionados pueden estar en tu bolsillo. Las mejores operadoras del mundo tambi\u00e9n tienen sus <strong>Apps<\/strong> y sus <strong>versiones m\u00f3viles<\/strong> para que puedas disfrutarlas y han llegado al mercado peruano. Recuerda jugar con <strong>responsabilidad<\/strong> y cumplir con la <strong>mayor\u00eda de edad<\/strong> requerida.\u00a0<\/p>\n<p>\t\t\t\t\t<a href=\"https:\/\/recor.to\/betssonperu\"><br \/>\n\t\t\t\t1\u00ba<br \/>\n\t\t\t\t<\/a><\/p>\n<p><strong>Betsson App<\/strong><\/p>\n<p>Sin dudas <strong>una de las m\u00e1s grandes casas del planeta<\/strong> y una de las marcas m\u00e1s reconocidas. Dentro de su plataforma, encontrar\u00e1s los <strong>instructivos<\/strong> para descargar las versiones para <strong>Android e iOS<\/strong>, respectivamente. <strong>\u00a1Adelante!<\/strong><\/p>\n<p>\t\t\t\t\t\t\t\t\t\t\t\t\t\t\t\t<a href=\"https:\/\/recor.to\/betssonperu\"><br \/>\n\t\t\t\t\t\t\t<img loading=\"lazy\" decoding=\"async\" width=\"156\" height=\"54\" src=\"https:\/\/descargar.app\/wp-content\/uploads\/2019\/04\/1available.png\" alt=\"\" loading=\"lazy\" \/>\t\t\t\t\t\t\t\t<\/a><br \/>\n\t\t\t\t\t\t\t\t\t\t\t\t\t\t\t\t<a href=\"https:\/\/recor.to\/betssonperu\"><br \/>\n\t\t\t\t\t\t\t<img loading=\"lazy\" decoding=\"async\" width=\"164\" height=\"51\" src=\"https:\/\/descargar.app\/wp-content\/uploads\/2019\/04\/1available2.png\" alt=\"\" loading=\"lazy\" \/>\t\t\t\t\t\t\t\t<\/a><\/p>\n<p style=\"text-align: center;\"><a style=\"color: #000000;\" href=\"https:\/\/descargar.app\/pe\/betsson-descargar-app-android-apk\/\"><strong>+ Informaci\u00f3n de Betsson<\/strong><\/a><\/p>\n<p>\u00a0<br \/>\n\t\t\t\t\t<a href=\"https:\/\/recor.to\/betanope\"><br \/>\n\t\t\t\t2\u00ba<br \/>\n\t\t\t\t<\/a><\/p>\n<p><b>Betano App<\/b><\/p>\n<p><strong>Betano<\/strong> es claramente de las casas m\u00e1s reconocidas en Per\u00fa y seguro la conoces. Podr\u00e1s disfrutar de su plataforma desde tu dispositivo Android con su <strong>App m\u00f3vil<\/strong> o tambi\u00e9n usar su <strong>web 100% responsive<\/strong>.<\/p>\n<p>\t\t\t\t\t\t\t\t\t\t\t\t\t\t\t\t<a href=\"https:\/\/recor.to\/betanope\"><br \/>\n\t\t\t\t\t\t\t<img loading=\"lazy\" decoding=\"async\" width=\"156\" height=\"54\" src=\"https:\/\/descargar.app\/wp-content\/uploads\/2019\/04\/1available.png\" alt=\"\" loading=\"lazy\" \/>\t\t\t\t\t\t\t\t<\/a><br \/>\n\t\t\t\t\t\t\t\t\t\t\t\t\t\t\t\t<a href=\"https:\/\/recor.to\/betanope\"><br \/>\n\t\t\t\t\t\t\t<img loading=\"lazy\" decoding=\"async\" width=\"164\" height=\"51\" src=\"https:\/\/descargar.app\/wp-content\/uploads\/2019\/04\/1available2.png\" alt=\"\" loading=\"lazy\" \/>\t\t\t\t\t\t\t\t<\/a><\/p>\n<p style=\"text-align: center;\"><a style=\"color: #000000;\" href=\"https:\/\/descargar.app\/pe\/betano\/\"><strong>+ Informaci\u00f3n de Betano<\/strong><\/a><\/p>\n<p>\t\t\t\t\t<a href=\"https:\/\/recor.to\/inkabet\"><br \/>\n\t\t\t\t3\u00ba<br \/>\n\t\t\t\t<\/a><\/p>\n<p><b>Inkabet App<\/b><\/p>\n<p><strong>Inkabet<\/strong> es el primer sitio de apuestas<strong> 100% peruano<\/strong> y ya lleva varios a\u00f1os en el mercado, desde su lanzamiento en 2012. <strong>Con\u00f3cela accediendo a su plataforma desde tu dispositivo m\u00f3vil y aprovecha toda su oferta de entretenimiento y sus promociones.<\/strong><br \/>\n\t\t\t\t\t\t\t\t\t\t\t\t\t\t\t\t<a href=\"https:\/\/recor.to\/inkabet\"><br \/>\n\t\t\t\t\t\t\t<img loading=\"lazy\" decoding=\"async\" width=\"156\" height=\"54\" src=\"https:\/\/descargar.app\/wp-content\/uploads\/2019\/04\/1available.png\" alt=\"\" loading=\"lazy\" \/>\t\t\t\t\t\t\t\t<\/a><br \/>\n\t\t\t\t\t\t\t\t\t\t\t\t\t\t\t\t<a href=\"https:\/\/recor.to\/inkabet\"><br \/>\n\t\t\t\t\t\t\t<img loading=\"lazy\" decoding=\"async\" width=\"164\" height=\"51\" src=\"https:\/\/descargar.app\/wp-content\/uploads\/2019\/04\/1available2.png\" alt=\"\" loading=\"lazy\" \/>\t\t\t\t\t\t\t\t<\/a><\/p>\n<p style=\"text-align: center;\"><a style=\"color: #000000;\" href=\"https:\/\/descargar.app\/pe\/inkabet-descargar-app-android-apk\/\"><strong>+ Informaci\u00f3n de Inkabet<\/strong><\/a><\/p>\n<p>\u00a0<br \/>\n\t\t\t\t\t<a href=\"https:\/\/recor.to\/stake\"><br \/>\n\t\t\t\t4\u00ba<br \/>\n\t\t\t\t<\/a><\/p>\n<p><b>Stake App<\/b><\/p>\n<p>Entre los m\u00e1s destacados criptocasinos del mercado, <strong>Stake<\/strong> se destaca por su <strong>variada oferta y tecnolog\u00eda aplicada de \u00faltima generaci\u00f3n<\/strong>. Desde ya, podr\u00e1s jugar desde el m\u00f3vil y ganar <strong>BTC, ETH, USDT, LTC, DOGE<\/strong>, etc.<br \/>\n\t\t\t\t\t\t\t\t\t\t\t\t\t\t\t\t<a href=\"https:\/\/recor.to\/stake\"><br \/>\n\t\t\t\t\t\t\t<img loading=\"lazy\" decoding=\"async\" width=\"156\" height=\"54\" src=\"https:\/\/descargar.app\/wp-content\/uploads\/2019\/04\/1available.png\" alt=\"\" loading=\"lazy\" \/>\t\t\t\t\t\t\t\t<\/a><br \/>\n\t\t\t\t\t\t\t\t\t\t\t\t\t\t\t\t<a href=\"https:\/\/recor.to\/stake\"><br \/>\n\t\t\t\t\t\t\t<img loading=\"lazy\" decoding=\"async\" width=\"164\" height=\"51\" src=\"https:\/\/descargar.app\/wp-content\/uploads\/2019\/04\/1available2.png\" alt=\"\" loading=\"lazy\" \/>\t\t\t\t\t\t\t\t<\/a><\/p>\n<p style=\"text-align: center;\"><strong>+ Informaci\u00f3n de Stake<\/strong><\/p>\n<p>\u00a0<br \/>\n\t\t\t\t\t<a href=\"https:\/\/recor.to\/tinbet\"><br \/>\n\t\t\t\t5\u00ba<br \/>\n\t\t\t\t<\/a><\/p>\n<p><b>La App de Bet365<\/b><\/p>\n<p><strong>Tinbet<\/strong> es una marca absolutamente <strong>confiable<\/strong> en el rubro del entretenimiento en l\u00ednea y dispone de una amplia gama de productos entre <strong>Deportes, ESports, Casino, Live Casino, Juegos de TV, Deportes Virtuales<\/strong> y m\u00e1s.<\/p>\n<p>\t\t\t\t\t\t\t\t\t\t\t\t\t\t\t\t<a href=\"https:\/\/recor.to\/tinbet\"><br \/>\n\t\t\t\t\t\t\t<img loading=\"lazy\" decoding=\"async\" width=\"156\" height=\"54\" src=\"https:\/\/descargar.app\/wp-content\/uploads\/2019\/04\/1available.png\" alt=\"\" loading=\"lazy\" \/>\t\t\t\t\t\t\t\t<\/a><br \/>\n\t\t\t\t\t\t\t\t\t\t\t\t\t\t\t\t<a href=\"https:\/\/recor.to\/tinbet\"><br \/>\n\t\t\t\t\t\t\t<img loading=\"lazy\" decoding=\"async\" width=\"164\" height=\"51\" src=\"https:\/\/descargar.app\/wp-content\/uploads\/2019\/04\/1available2.png\" alt=\"\" loading=\"lazy\" \/>\t\t\t\t\t\t\t\t<\/a><\/p>\n<p style=\"text-align: center;\"><strong>+ Informaci\u00f3n de Tinbet<\/strong><\/p>\n<p>\u00a0<\/p>\n","protected":false},"excerpt":{"rendered":"<p>mejores APPS de las casas de apuestas Disponibles en Per\u00fa Lo mejor de los m\u00e1s completos sportsbooks del mercado y los juegos de casino m\u00e1s codiciados por los aficionados pueden estar en tu bolsillo. Las mejores operadoras del mundo tambi\u00e9n tienen sus Apps y sus versiones m\u00f3viles para que puedas disfrutarlas y han llegado al &#8230; <a title=\"Mejores Aplicaciones de Apuestas en Per\u00fa\" class=\"read-more\" href=\"https:\/\/descargar.app\/pe\/\" aria-label=\"Read more about Mejores Aplicaciones de Apuestas en Per\u00fa\">Read more<\/a><\/p>\n","protected":false},"author":1,"featured_media":0,"parent":0,"menu_order":0,"comment_status":"closed","ping_status":"closed","template":"","meta":{"_uag_custom_page_level_css":"","generate_page_header":"","footnotes":""},"class_list":["post-31957","page","type-page","status-publish"],"yoast_head":"<!-- This site is optimized with the Yoast SEO Premium plugin v27.1 (Yoast SEO v27.4) - https:\/\/yoast.com\/product\/yoast-seo-premium-wordpress\/ -->\n<title>Mejores Aplicaciones de Apuestas en Per\u00fa - Descargar App<\/title>\n<meta name=\"robots\" content=\"index, follow, max-snippet:-1, max-image-preview:large, max-video-preview:-1\" \/>\n<link rel=\"canonical\" href=\"https:\/\/descargar.app\/pe\/\" \/>\n<meta property=\"og:locale\" content=\"es_ES\" \/>\n<meta property=\"og:type\" content=\"article\" \/>\n<meta property=\"og:title\" content=\"Mejores Aplicaciones de Apuestas en Per\u00fa\" \/>\n<meta property=\"og:description\" content=\"mejores APPS de las casas de apuestas Disponibles en Per\u00fa Lo mejor de los m\u00e1s completos sportsbooks del mercado y los juegos de casino m\u00e1s codiciados por los aficionados pueden estar en tu bolsillo. Las mejores operadoras del mundo tambi\u00e9n tienen sus Apps y sus versiones m\u00f3viles para que puedas disfrutarlas y han llegado al ... Read more\" \/>\n<meta property=\"og:url\" content=\"https:\/\/descargar.app\/pe\/\" \/>\n<meta property=\"og:site_name\" content=\"Descargar App\" \/>\n<meta property=\"article:modified_time\" content=\"2023-01-22T20:32:03+00:00\" \/>\n<meta property=\"og:image\" content=\"https:\/\/descargar.app\/wp-content\/uploads\/2019\/04\/1available.png\" \/>\n<meta name=\"twitter:card\" content=\"summary_large_image\" \/>\n<meta name=\"twitter:label1\" content=\"Est. reading time\" \/>\n\t<meta name=\"twitter:data1\" content=\"4 minutos\" \/>\n<script type=\"application\/ld+json\" class=\"yoast-schema-graph\">{\"@context\":\"https:\\\/\\\/schema.org\",\"@graph\":[{\"@type\":\"WebPage\",\"@id\":\"https:\\\/\\\/descargar.app\\\/pe\\\/\",\"url\":\"https:\\\/\\\/descargar.app\\\/pe\\\/\",\"name\":\"Mejores Aplicaciones de Apuestas en Per\u00fa - Descargar App\",\"isPartOf\":{\"@id\":\"https:\\\/\\\/descargar.app\\\/#website\"},\"primaryImageOfPage\":{\"@id\":\"https:\\\/\\\/descargar.app\\\/pe\\\/#primaryimage\"},\"image\":{\"@id\":\"https:\\\/\\\/descargar.app\\\/pe\\\/#primaryimage\"},\"thumbnailUrl\":\"https:\\\/\\\/descargar.app\\\/wp-content\\\/uploads\\\/2019\\\/04\\\/1available.png\",\"datePublished\":\"2023-01-19T12:00:13+00:00\",\"dateModified\":\"2023-01-22T20:32:03+00:00\",\"breadcrumb\":{\"@id\":\"https:\\\/\\\/descargar.app\\\/pe\\\/#breadcrumb\"},\"inLanguage\":\"es-PE\",\"potentialAction\":[{\"@type\":\"ReadAction\",\"target\":[\"https:\\\/\\\/descargar.app\\\/pe\\\/\"]}]},{\"@type\":\"ImageObject\",\"inLanguage\":\"es-PE\",\"@id\":\"https:\\\/\\\/descargar.app\\\/pe\\\/#primaryimage\",\"url\":\"https:\\\/\\\/descargar.app\\\/wp-content\\\/uploads\\\/2019\\\/04\\\/1available.png\",\"contentUrl\":\"https:\\\/\\\/descargar.app\\\/wp-content\\\/uploads\\\/2019\\\/04\\\/1available.png\"},{\"@type\":\"BreadcrumbList\",\"@id\":\"https:\\\/\\\/descargar.app\\\/pe\\\/#breadcrumb\",\"itemListElement\":[{\"@type\":\"ListItem\",\"position\":1,\"name\":\"Portada\",\"item\":\"https:\\\/\\\/descargar.app\\\/pe\\\/\"},{\"@type\":\"ListItem\",\"position\":2,\"name\":\"Mejores Aplicaciones de Apuestas en Per\u00fa\"}]},{\"@type\":\"WebSite\",\"@id\":\"https:\\\/\\\/descargar.app\\\/#website\",\"url\":\"https:\\\/\\\/descargar.app\\\/\",\"name\":\"Descargar App\",\"description\":\"\",\"publisher\":{\"@id\":\"https:\\\/\\\/descargar.app\\\/#organization\"},\"potentialAction\":[{\"@type\":\"SearchAction\",\"target\":{\"@type\":\"EntryPoint\",\"urlTemplate\":\"https:\\\/\\\/descargar.app\\\/?s={search_term_string}\"},\"query-input\":{\"@type\":\"PropertyValueSpecification\",\"valueRequired\":true,\"valueName\":\"search_term_string\"}}],\"inLanguage\":\"es-PE\"},{\"@type\":\"Organization\",\"@id\":\"https:\\\/\\\/descargar.app\\\/#organization\",\"name\":\"Descargar App\",\"url\":\"https:\\\/\\\/descargar.app\\\/\",\"logo\":{\"@type\":\"ImageObject\",\"inLanguage\":\"es-PE\",\"@id\":\"https:\\\/\\\/descargar.app\\\/#\\\/schema\\\/logo\\\/image\\\/\",\"url\":\"https:\\\/\\\/descargar.app\\\/wp-content\\\/uploads\\\/2019\\\/03\\\/logo-descargarapphome-1.png\",\"contentUrl\":\"https:\\\/\\\/descargar.app\\\/wp-content\\\/uploads\\\/2019\\\/03\\\/logo-descargarapphome-1.png\",\"width\":350,\"height\":70,\"caption\":\"Descargar App\"},\"image\":{\"@id\":\"https:\\\/\\\/descargar.app\\\/#\\\/schema\\\/logo\\\/image\\\/\"}}]}<\/script>\n<!-- \/ Yoast SEO Premium plugin. -->","yoast_head_json":{"title":"Mejores Aplicaciones de Apuestas en Per\u00fa - Descargar App","robots":{"index":"index","follow":"follow","max-snippet":"max-snippet:-1","max-image-preview":"max-image-preview:large","max-video-preview":"max-video-preview:-1"},"canonical":"https:\/\/descargar.app\/pe\/","og_locale":"es_ES","og_type":"article","og_title":"Mejores Aplicaciones de Apuestas en Per\u00fa","og_description":"mejores APPS de las casas de apuestas Disponibles en Per\u00fa Lo mejor de los m\u00e1s completos sportsbooks del mercado y los juegos de casino m\u00e1s codiciados por los aficionados pueden estar en tu bolsillo. Las mejores operadoras del mundo tambi\u00e9n tienen sus Apps y sus versiones m\u00f3viles para que puedas disfrutarlas y han llegado al ... Read more","og_url":"https:\/\/descargar.app\/pe\/","og_site_name":"Descargar App","article_modified_time":"2023-01-22T20:32:03+00:00","og_image":[{"url":"https:\/\/descargar.app\/wp-content\/uploads\/2019\/04\/1available.png","type":"","width":"","height":""}],"twitter_card":"summary_large_image","twitter_misc":{"Est. reading time":"4 minutos"},"schema":{"@context":"https:\/\/schema.org","@graph":[{"@type":"WebPage","@id":"https:\/\/descargar.app\/pe\/","url":"https:\/\/descargar.app\/pe\/","name":"Mejores Aplicaciones de Apuestas en Per\u00fa - Descargar App","isPartOf":{"@id":"https:\/\/descargar.app\/#website"},"primaryImageOfPage":{"@id":"https:\/\/descargar.app\/pe\/#primaryimage"},"image":{"@id":"https:\/\/descargar.app\/pe\/#primaryimage"},"thumbnailUrl":"https:\/\/descargar.app\/wp-content\/uploads\/2019\/04\/1available.png","datePublished":"2023-01-19T12:00:13+00:00","dateModified":"2023-01-22T20:32:03+00:00","breadcrumb":{"@id":"https:\/\/descargar.app\/pe\/#breadcrumb"},"inLanguage":"es-PE","potentialAction":[{"@type":"ReadAction","target":["https:\/\/descargar.app\/pe\/"]}]},{"@type":"ImageObject","inLanguage":"es-PE","@id":"https:\/\/descargar.app\/pe\/#primaryimage","url":"https:\/\/descargar.app\/wp-content\/uploads\/2019\/04\/1available.png","contentUrl":"https:\/\/descargar.app\/wp-content\/uploads\/2019\/04\/1available.png"},{"@type":"BreadcrumbList","@id":"https:\/\/descargar.app\/pe\/#breadcrumb","itemListElement":[{"@type":"ListItem","position":1,"name":"Portada","item":"https:\/\/descargar.app\/pe\/"},{"@type":"ListItem","position":2,"name":"Mejores Aplicaciones de Apuestas en Per\u00fa"}]},{"@type":"WebSite","@id":"https:\/\/descargar.app\/#website","url":"https:\/\/descargar.app\/","name":"Descargar App","description":"","publisher":{"@id":"https:\/\/descargar.app\/#organization"},"potentialAction":[{"@type":"SearchAction","target":{"@type":"EntryPoint","urlTemplate":"https:\/\/descargar.app\/?s={search_term_string}"},"query-input":{"@type":"PropertyValueSpecification","valueRequired":true,"valueName":"search_term_string"}}],"inLanguage":"es-PE"},{"@type":"Organization","@id":"https:\/\/descargar.app\/#organization","name":"Descargar App","url":"https:\/\/descargar.app\/","logo":{"@type":"ImageObject","inLanguage":"es-PE","@id":"https:\/\/descargar.app\/#\/schema\/logo\/image\/","url":"https:\/\/descargar.app\/wp-content\/uploads\/2019\/03\/logo-descargarapphome-1.png","contentUrl":"https:\/\/descargar.app\/wp-content\/uploads\/2019\/03\/logo-descargarapphome-1.png","width":350,"height":70,"caption":"Descargar App"},"image":{"@id":"https:\/\/descargar.app\/#\/schema\/logo\/image\/"}}]}},"uagb_featured_image_src":{"full":false,"thumbnail":false,"medium":false,"medium_large":false,"large":false,"1536x1536":false,"2048x2048":false},"uagb_author_info":{"display_name":"admin","author_link":"https:\/\/descargar.app\/pe\/author\/admin\/"},"uagb_comment_info":0,"uagb_excerpt":"mejores APPS de las casas de apuestas Disponibles en Per\u00fa Lo mejor de los m\u00e1s completos sportsbooks del mercado y los juegos de casino m\u00e1s codiciados por los aficionados pueden estar en tu bolsillo. Las mejores operadoras del mundo tambi\u00e9n tienen sus Apps y sus versiones m\u00f3viles para que puedas disfrutarlas y han llegado al&hellip;","_links":{"self":[{"href":"https:\/\/descargar.app\/pe\/wp-json\/wp\/v2\/pages\/31957","targetHints":{"allow":["GET"]}}],"collection":[{"href":"https:\/\/descargar.app\/pe\/wp-json\/wp\/v2\/pages"}],"about":[{"href":"https:\/\/descargar.app\/pe\/wp-json\/wp\/v2\/types\/page"}],"author":[{"embeddable":true,"href":"https:\/\/descargar.app\/pe\/wp-json\/wp\/v2\/users\/1"}],"replies":[{"embeddable":true,"href":"https:\/\/descargar.app\/pe\/wp-json\/wp\/v2\/comments?post=31957"}],"version-history":[{"count":4,"href":"https:\/\/descargar.app\/pe\/wp-json\/wp\/v2\/pages\/31957\/revisions"}],"predecessor-version":[{"id":32479,"href":"https:\/\/descargar.app\/pe\/wp-json\/wp\/v2\/pages\/31957\/revisions\/32479"}],"wp:attachment":[{"href":"https:\/\/descargar.app\/pe\/wp-json\/wp\/v2\/media?parent=31957"}],"curies":[{"name":"wp","href":"https:\/\/api.w.org\/{rel}","templated":true}]}}