{"id":31929,"date":"2023-01-19T13:59:28","date_gmt":"2023-01-19T11:59:28","guid":{"rendered":"https:\/\/descargar.app\/?page_id=31929"},"modified":"2023-01-22T23:15:13","modified_gmt":"2023-01-22T21:15:13","slug":"panama-editar","status":"publish","type":"page","link":"https:\/\/descargar.app\/pan\/","title":{"rendered":"Mejores Aplicaciones de Apuestas en Panam\u00e1"},"content":{"rendered":"<h2>mejores APPS de las casas de apuestas<\/h2>\n<h2>Disponibles en Panam\u00e1<\/h2>\n<p><strong>Las mejores aplicaciones y versiones m\u00f3viles de juego en l\u00ednea, apuestas deportivas, casino online, juegos de tv<\/strong> y dem\u00e1s entretenimiento, llegaron a Panam\u00e1 para que todos los usuarios puedan disfrutarlas. <strong>Conoce cuales son las mejores opciones y<\/strong> <strong>c\u00f3mo obtenerlas con una simple descarga e instalaci\u00f3n<\/strong>. En todos los casos, claro, ten en cuenta usarlas con <strong>responsabilidad<\/strong> y recuerda que existe una <strong>mayor\u00eda de edad<\/strong> requerida.<\/p>\n<p>\t\t\t\t\t<a href=\"https:\/\/recor.to\/coderepanama\"><br \/>\n\t\t\t\t1\u00ba<br \/>\n\t\t\t\t<\/a><\/p>\n<p><b>La App de Codere<\/b><\/p>\n<p><strong>Codere<\/strong> tiene una de las <strong>versiones m\u00f3viles m\u00e1s destacadas<\/strong> de las disponibles en Panam\u00e1. No te pierdas de todo su potencial en sus aplicaciones m\u00f3viles, con <strong>ofertas y novedades todos los d\u00edas.<\/strong><\/p>\n<p>\t\t\t\t\t\t\t\t\t\t\t\t\t\t\t\t<a href=\"https:\/\/recor.to\/coderepanama\"><br \/>\n\t\t\t\t\t\t\t<img loading=\"lazy\" decoding=\"async\" width=\"156\" height=\"54\" src=\"https:\/\/descargar.app\/wp-content\/uploads\/2019\/04\/1available.png\" alt=\"\" loading=\"lazy\" \/>\t\t\t\t\t\t\t\t<\/a><br \/>\n\t\t\t\t\t\t\t\t\t\t\t\t\t\t\t\t<a href=\"https:\/\/recor.to\/coderepanama\"><br \/>\n\t\t\t\t\t\t\t<img loading=\"lazy\" decoding=\"async\" width=\"164\" height=\"51\" src=\"https:\/\/descargar.app\/wp-content\/uploads\/2019\/04\/1available2.png\" alt=\"\" loading=\"lazy\" \/>\t\t\t\t\t\t\t\t<\/a><\/p>\n<p style=\"text-align: center;\"><a style=\"color: #000000;\" href=\"https:\/\/descargar.app\/pan\/codere-como-descargar-app-apk-panama\/\"><strong>+ Informaci\u00f3n de Codere<\/strong><\/a><\/p>\n<p>\t\t\t\t\t<a href=\"https:\/\/recor.to\/stake\"><br \/>\n\t\t\t\t2\u00ba<br \/>\n\t\t\t\t<\/a><\/p>\n<p><b>La App de Stake<\/b><\/p>\n<p>Si lo que buscas es apostar, <strong>jugar y obtener grandes premios en Criptomonedas<\/strong>, Stake sin dudas es la mejor opci\u00f3n. En este caso, <strong>su versi\u00f3n m\u00f3vil est\u00e1 completamente optimizada<\/strong> y podr\u00e1s tenerla siempre a mano en tu dispositivo.<\/p>\n<p>\t\t\t\t\t\t\t\t\t\t\t\t\t\t\t\t<a href=\"https:\/\/recor.to\/stake\"><br \/>\n\t\t\t\t\t\t\t<img loading=\"lazy\" decoding=\"async\" width=\"156\" height=\"54\" src=\"https:\/\/descargar.app\/wp-content\/uploads\/2019\/04\/1available.png\" alt=\"\" loading=\"lazy\" \/>\t\t\t\t\t\t\t\t<\/a><br \/>\n\t\t\t\t\t\t\t\t\t\t\t\t\t\t\t\t<a href=\"https:\/\/recor.to\/stake\"><br \/>\n\t\t\t\t\t\t\t<img loading=\"lazy\" decoding=\"async\" width=\"164\" height=\"51\" src=\"https:\/\/descargar.app\/wp-content\/uploads\/2019\/04\/1available2.png\" alt=\"\" loading=\"lazy\" \/>\t\t\t\t\t\t\t\t<\/a><\/p>\n<p style=\"text-align: center;\"><a style=\"color: #000000;\" href=\"https:\/\/descargar.app\/pan\/stake\/\"><strong>+ Informaci\u00f3n de Stake<\/strong><\/a><\/p>\n<p>\u00a0<br \/>\n\t\t\t\t\t<a href=\"https:\/\/recor.to\/lynxbet\"><br \/>\n\t\t\t\t3\u00ba<br \/>\n\t\t\t\t<\/a><\/p>\n<p><b>La App de Lynxbet<\/b><\/p>\n<p>Su plataforma es un nuevo mundo fascinante cargado de <strong>emoci\u00f3n, aspiraci\u00f3n y m\u00e1gicas recompensas<\/strong>, que ofrece una experiencia de juego \u00fanica. <strong>Ingresa desde tu dispositivo m\u00f3vil y descubre todo su potencial.<\/strong><br \/>\n\t\t\t\t\t\t\t\t\t\t\t\t\t\t\t\t<a href=\"https:\/\/recor.to\/lynxbet\"><br \/>\n\t\t\t\t\t\t\t<img loading=\"lazy\" decoding=\"async\" width=\"156\" height=\"54\" src=\"https:\/\/descargar.app\/wp-content\/uploads\/2019\/04\/1available.png\" alt=\"\" loading=\"lazy\" \/>\t\t\t\t\t\t\t\t<\/a><br \/>\n\t\t\t\t\t\t\t\t\t\t\t\t\t\t\t\t<a href=\"https:\/\/recor.to\/lynxbet\"><br \/>\n\t\t\t\t\t\t\t<img loading=\"lazy\" decoding=\"async\" width=\"164\" height=\"51\" src=\"https:\/\/descargar.app\/wp-content\/uploads\/2019\/04\/1available2.png\" alt=\"\" loading=\"lazy\" \/>\t\t\t\t\t\t\t\t<\/a><\/p>\n<p style=\"text-align: center;\"><strong>+ Informaci\u00f3n de Lynxbet<\/strong><\/p>\n<p>\u00a0<br \/>\n\t\t\t\t\t<a href=\"https:\/\/recor.to\/dafabetlatam\"><br \/>\n\t\t\t\t4\u00ba<br \/>\n\t\t\t\t<\/a><\/p>\n<p><b>La App de Dafabet<\/b><\/p>\n<p><strong>Dafabet<\/strong> es el sitio de Apuestas online <strong>l\u00edder en el mundo<\/strong> y el lugar de algunos de los mejores productos de juego que incluye <strong>Apuestas Deportivas, Casino Online, Juegos de Casino en Vivo y mucho m\u00e1s<\/strong>.<\/p>\n<p>\t\t\t\t\t\t\t\t\t\t\t\t\t\t\t\t<a href=\"https:\/\/recor.to\/dafabetlatam\"><br \/>\n\t\t\t\t\t\t\t<img loading=\"lazy\" decoding=\"async\" width=\"156\" height=\"54\" src=\"https:\/\/descargar.app\/wp-content\/uploads\/2019\/04\/1available.png\" alt=\"\" loading=\"lazy\" \/>\t\t\t\t\t\t\t\t<\/a><br \/>\n\t\t\t\t\t\t\t\t\t\t\t\t\t\t\t\t<a href=\"https:\/\/recor.to\/dafabetlatam\"><br \/>\n\t\t\t\t\t\t\t<img loading=\"lazy\" decoding=\"async\" width=\"164\" height=\"51\" src=\"https:\/\/descargar.app\/wp-content\/uploads\/2019\/04\/1available2.png\" alt=\"\" loading=\"lazy\" \/>\t\t\t\t\t\t\t\t<\/a><\/p>\n<p style=\"text-align: center;\"><strong>+ Informaci\u00f3n de Dafabet<\/strong><\/p>\n<p>\u00a0<br \/>\n\t\t\t\t\t<a href=\"https:\/\/recor.to\/betwaylatam\"><br \/>\n\t\t\t\t5\u00ba<br \/>\n\t\t\t\t<\/a><\/p>\n<p><b>La App de Betway<\/b><\/p>\n<p>El mundo entero del juego en l\u00ednea conoce a <strong>Betway<\/strong> y seguro tu tambi\u00e9n. Si todav\u00eda no lo has hecho, <strong>descarga la aplicaci\u00f3n m\u00f3vil seg\u00fan tu sistema operativo<\/strong> y ten esta <strong>fascinante plataforma<\/strong> todo el tiempo en su bolsillo.<\/p>\n<p>\t\t\t\t\t\t\t\t\t\t\t\t\t\t\t\t<a href=\"https:\/\/recor.to\/betwaylatam\"><br \/>\n\t\t\t\t\t\t\t<img loading=\"lazy\" decoding=\"async\" width=\"156\" height=\"54\" src=\"https:\/\/descargar.app\/wp-content\/uploads\/2019\/04\/1available.png\" alt=\"\" loading=\"lazy\" \/>\t\t\t\t\t\t\t\t<\/a><br \/>\n\t\t\t\t\t\t\t\t\t\t\t\t\t\t\t\t<a href=\"https:\/\/recor.to\/betwaylatam\"><br \/>\n\t\t\t\t\t\t\t<img loading=\"lazy\" decoding=\"async\" width=\"164\" height=\"51\" src=\"https:\/\/descargar.app\/wp-content\/uploads\/2019\/04\/1available2.png\" alt=\"\" loading=\"lazy\" \/>\t\t\t\t\t\t\t\t<\/a><\/p>\n<p style=\"text-align: center;\"><a style=\"color: #000000;\" href=\"https:\/\/descargar.app\/pan\/betway\/\"><strong>+ Informaci\u00f3n de Betway<\/strong><\/a><\/p>\n<p>\u00a0<\/p>\n","protected":false},"excerpt":{"rendered":"<p>mejores APPS de las casas de apuestas Disponibles en Panam\u00e1 Las mejores aplicaciones y versiones m\u00f3viles de juego en l\u00ednea, apuestas deportivas, casino online, juegos de tv y dem\u00e1s entretenimiento, llegaron a Panam\u00e1 para que todos los usuarios puedan disfrutarlas. Conoce cuales son las mejores opciones y c\u00f3mo obtenerlas con una simple descarga e instalaci\u00f3n. &#8230; <a title=\"Mejores Aplicaciones de Apuestas en Panam\u00e1\" class=\"read-more\" href=\"https:\/\/descargar.app\/pan\/\" aria-label=\"Read more about Mejores Aplicaciones de Apuestas en Panam\u00e1\">Read more<\/a><\/p>\n","protected":false},"author":1,"featured_media":0,"parent":0,"menu_order":0,"comment_status":"closed","ping_status":"closed","template":"","meta":{"_uag_custom_page_level_css":"","generate_page_header":"","footnotes":""},"class_list":["post-31929","page","type-page","status-publish"],"yoast_head":"<!-- This site is optimized with the Yoast SEO Premium plugin v27.1 (Yoast SEO v27.3) - https:\/\/yoast.com\/product\/yoast-seo-premium-wordpress\/ -->\n<title>Mejores Aplicaciones de Apuestas en Panam\u00e1 - Descargar App<\/title>\n<meta name=\"robots\" content=\"index, follow, max-snippet:-1, max-image-preview:large, max-video-preview:-1\" \/>\n<link rel=\"canonical\" href=\"https:\/\/descargar.app\/pan\/\" \/>\n<meta property=\"og:locale\" content=\"es_ES\" \/>\n<meta property=\"og:type\" content=\"article\" \/>\n<meta property=\"og:title\" content=\"Mejores Aplicaciones de Apuestas en Panam\u00e1\" \/>\n<meta property=\"og:description\" content=\"mejores APPS de las casas de apuestas Disponibles en Panam\u00e1 Las mejores aplicaciones y versiones m\u00f3viles de juego en l\u00ednea, apuestas deportivas, casino online, juegos de tv y dem\u00e1s entretenimiento, llegaron a Panam\u00e1 para que todos los usuarios puedan disfrutarlas. Conoce cuales son las mejores opciones y c\u00f3mo obtenerlas con una simple descarga e instalaci\u00f3n. ... Read more\" \/>\n<meta property=\"og:url\" content=\"https:\/\/descargar.app\/pan\/\" \/>\n<meta property=\"og:site_name\" content=\"Descargar App\" \/>\n<meta property=\"article:modified_time\" content=\"2023-01-22T21:15:13+00:00\" \/>\n<meta property=\"og:image\" content=\"https:\/\/descargar.app\/wp-content\/uploads\/2019\/04\/1available.png\" \/>\n<meta name=\"twitter:card\" content=\"summary_large_image\" \/>\n<meta name=\"twitter:label1\" content=\"Est. reading time\" \/>\n\t<meta name=\"twitter:data1\" content=\"4 minutes\" \/>\n<script type=\"application\/ld+json\" class=\"yoast-schema-graph\">{\"@context\":\"https:\\\/\\\/schema.org\",\"@graph\":[{\"@type\":\"WebPage\",\"@id\":\"https:\\\/\\\/descargar.app\\\/pan\\\/\",\"url\":\"https:\\\/\\\/descargar.app\\\/pan\\\/\",\"name\":\"Mejores Aplicaciones de Apuestas en Panam\u00e1 - Descargar App\",\"isPartOf\":{\"@id\":\"https:\\\/\\\/descargar.app\\\/#website\"},\"primaryImageOfPage\":{\"@id\":\"https:\\\/\\\/descargar.app\\\/pan\\\/#primaryimage\"},\"image\":{\"@id\":\"https:\\\/\\\/descargar.app\\\/pan\\\/#primaryimage\"},\"thumbnailUrl\":\"https:\\\/\\\/descargar.app\\\/wp-content\\\/uploads\\\/2019\\\/04\\\/1available.png\",\"datePublished\":\"2023-01-19T11:59:28+00:00\",\"dateModified\":\"2023-01-22T21:15:13+00:00\",\"breadcrumb\":{\"@id\":\"https:\\\/\\\/descargar.app\\\/pan\\\/#breadcrumb\"},\"inLanguage\":\"es-pa\",\"potentialAction\":[{\"@type\":\"ReadAction\",\"target\":[\"https:\\\/\\\/descargar.app\\\/pan\\\/\"]}]},{\"@type\":\"ImageObject\",\"inLanguage\":\"es-pa\",\"@id\":\"https:\\\/\\\/descargar.app\\\/pan\\\/#primaryimage\",\"url\":\"https:\\\/\\\/descargar.app\\\/wp-content\\\/uploads\\\/2019\\\/04\\\/1available.png\",\"contentUrl\":\"https:\\\/\\\/descargar.app\\\/wp-content\\\/uploads\\\/2019\\\/04\\\/1available.png\"},{\"@type\":\"BreadcrumbList\",\"@id\":\"https:\\\/\\\/descargar.app\\\/pan\\\/#breadcrumb\",\"itemListElement\":[{\"@type\":\"ListItem\",\"position\":1,\"name\":\"Portada\",\"item\":\"https:\\\/\\\/descargar.app\\\/pan\\\/\"},{\"@type\":\"ListItem\",\"position\":2,\"name\":\"Mejores Aplicaciones de Apuestas en Panam\u00e1\"}]},{\"@type\":\"WebSite\",\"@id\":\"https:\\\/\\\/descargar.app\\\/#website\",\"url\":\"https:\\\/\\\/descargar.app\\\/\",\"name\":\"Descargar App\",\"description\":\"\",\"publisher\":{\"@id\":\"https:\\\/\\\/descargar.app\\\/#organization\"},\"potentialAction\":[{\"@type\":\"SearchAction\",\"target\":{\"@type\":\"EntryPoint\",\"urlTemplate\":\"https:\\\/\\\/descargar.app\\\/?s={search_term_string}\"},\"query-input\":{\"@type\":\"PropertyValueSpecification\",\"valueRequired\":true,\"valueName\":\"search_term_string\"}}],\"inLanguage\":\"es-pa\"},{\"@type\":\"Organization\",\"@id\":\"https:\\\/\\\/descargar.app\\\/#organization\",\"name\":\"Descargar App\",\"url\":\"https:\\\/\\\/descargar.app\\\/\",\"logo\":{\"@type\":\"ImageObject\",\"inLanguage\":\"es-pa\",\"@id\":\"https:\\\/\\\/descargar.app\\\/#\\\/schema\\\/logo\\\/image\\\/\",\"url\":\"https:\\\/\\\/descargar.app\\\/wp-content\\\/uploads\\\/2019\\\/03\\\/logo-descargarapphome-1.png\",\"contentUrl\":\"https:\\\/\\\/descargar.app\\\/wp-content\\\/uploads\\\/2019\\\/03\\\/logo-descargarapphome-1.png\",\"width\":350,\"height\":70,\"caption\":\"Descargar App\"},\"image\":{\"@id\":\"https:\\\/\\\/descargar.app\\\/#\\\/schema\\\/logo\\\/image\\\/\"}}]}<\/script>\n<!-- \/ Yoast SEO Premium plugin. -->","yoast_head_json":{"title":"Mejores Aplicaciones de Apuestas en Panam\u00e1 - Descargar App","robots":{"index":"index","follow":"follow","max-snippet":"max-snippet:-1","max-image-preview":"max-image-preview:large","max-video-preview":"max-video-preview:-1"},"canonical":"https:\/\/descargar.app\/pan\/","og_locale":"es_ES","og_type":"article","og_title":"Mejores Aplicaciones de Apuestas en Panam\u00e1","og_description":"mejores APPS de las casas de apuestas Disponibles en Panam\u00e1 Las mejores aplicaciones y versiones m\u00f3viles de juego en l\u00ednea, apuestas deportivas, casino online, juegos de tv y dem\u00e1s entretenimiento, llegaron a Panam\u00e1 para que todos los usuarios puedan disfrutarlas. Conoce cuales son las mejores opciones y c\u00f3mo obtenerlas con una simple descarga e instalaci\u00f3n. ... Read more","og_url":"https:\/\/descargar.app\/pan\/","og_site_name":"Descargar App","article_modified_time":"2023-01-22T21:15:13+00:00","og_image":[{"url":"https:\/\/descargar.app\/wp-content\/uploads\/2019\/04\/1available.png","type":"","width":"","height":""}],"twitter_card":"summary_large_image","twitter_misc":{"Est. reading time":"4 minutes"},"schema":{"@context":"https:\/\/schema.org","@graph":[{"@type":"WebPage","@id":"https:\/\/descargar.app\/pan\/","url":"https:\/\/descargar.app\/pan\/","name":"Mejores Aplicaciones de Apuestas en Panam\u00e1 - Descargar App","isPartOf":{"@id":"https:\/\/descargar.app\/#website"},"primaryImageOfPage":{"@id":"https:\/\/descargar.app\/pan\/#primaryimage"},"image":{"@id":"https:\/\/descargar.app\/pan\/#primaryimage"},"thumbnailUrl":"https:\/\/descargar.app\/wp-content\/uploads\/2019\/04\/1available.png","datePublished":"2023-01-19T11:59:28+00:00","dateModified":"2023-01-22T21:15:13+00:00","breadcrumb":{"@id":"https:\/\/descargar.app\/pan\/#breadcrumb"},"inLanguage":"es-pa","potentialAction":[{"@type":"ReadAction","target":["https:\/\/descargar.app\/pan\/"]}]},{"@type":"ImageObject","inLanguage":"es-pa","@id":"https:\/\/descargar.app\/pan\/#primaryimage","url":"https:\/\/descargar.app\/wp-content\/uploads\/2019\/04\/1available.png","contentUrl":"https:\/\/descargar.app\/wp-content\/uploads\/2019\/04\/1available.png"},{"@type":"BreadcrumbList","@id":"https:\/\/descargar.app\/pan\/#breadcrumb","itemListElement":[{"@type":"ListItem","position":1,"name":"Portada","item":"https:\/\/descargar.app\/pan\/"},{"@type":"ListItem","position":2,"name":"Mejores Aplicaciones de Apuestas en Panam\u00e1"}]},{"@type":"WebSite","@id":"https:\/\/descargar.app\/#website","url":"https:\/\/descargar.app\/","name":"Descargar App","description":"","publisher":{"@id":"https:\/\/descargar.app\/#organization"},"potentialAction":[{"@type":"SearchAction","target":{"@type":"EntryPoint","urlTemplate":"https:\/\/descargar.app\/?s={search_term_string}"},"query-input":{"@type":"PropertyValueSpecification","valueRequired":true,"valueName":"search_term_string"}}],"inLanguage":"es-pa"},{"@type":"Organization","@id":"https:\/\/descargar.app\/#organization","name":"Descargar App","url":"https:\/\/descargar.app\/","logo":{"@type":"ImageObject","inLanguage":"es-pa","@id":"https:\/\/descargar.app\/#\/schema\/logo\/image\/","url":"https:\/\/descargar.app\/wp-content\/uploads\/2019\/03\/logo-descargarapphome-1.png","contentUrl":"https:\/\/descargar.app\/wp-content\/uploads\/2019\/03\/logo-descargarapphome-1.png","width":350,"height":70,"caption":"Descargar App"},"image":{"@id":"https:\/\/descargar.app\/#\/schema\/logo\/image\/"}}]}},"uagb_featured_image_src":{"full":false,"thumbnail":false,"medium":false,"medium_large":false,"large":false,"1536x1536":false,"2048x2048":false},"uagb_author_info":{"display_name":"admin","author_link":"https:\/\/descargar.app\/pan\/author\/admin\/"},"uagb_comment_info":0,"uagb_excerpt":"mejores APPS de las casas de apuestas Disponibles en Panam\u00e1 Las mejores aplicaciones y versiones m\u00f3viles de juego en l\u00ednea, apuestas deportivas, casino online, juegos de tv y dem\u00e1s entretenimiento, llegaron a Panam\u00e1 para que todos los usuarios puedan disfrutarlas. Conoce cuales son las mejores opciones y c\u00f3mo obtenerlas con una simple descarga e instalaci\u00f3n.&hellip;","_links":{"self":[{"href":"https:\/\/descargar.app\/pan\/wp-json\/wp\/v2\/pages\/31929","targetHints":{"allow":["GET"]}}],"collection":[{"href":"https:\/\/descargar.app\/pan\/wp-json\/wp\/v2\/pages"}],"about":[{"href":"https:\/\/descargar.app\/pan\/wp-json\/wp\/v2\/types\/page"}],"author":[{"embeddable":true,"href":"https:\/\/descargar.app\/pan\/wp-json\/wp\/v2\/users\/1"}],"replies":[{"embeddable":true,"href":"https:\/\/descargar.app\/pan\/wp-json\/wp\/v2\/comments?post=31929"}],"version-history":[{"count":4,"href":"https:\/\/descargar.app\/pan\/wp-json\/wp\/v2\/pages\/31929\/revisions"}],"predecessor-version":[{"id":32531,"href":"https:\/\/descargar.app\/pan\/wp-json\/wp\/v2\/pages\/31929\/revisions\/32531"}],"wp:attachment":[{"href":"https:\/\/descargar.app\/pan\/wp-json\/wp\/v2\/media?parent=31929"}],"curies":[{"name":"wp","href":"https:\/\/api.w.org\/{rel}","templated":true}]}}