{"id":4347,"date":"2021-05-11T11:55:26","date_gmt":"2021-05-11T09:55:26","guid":{"rendered":"https:\/\/descargar.app\/?page_id=4347"},"modified":"2021-05-11T11:55:26","modified_gmt":"2021-05-11T09:55:26","slug":"sportsbet-como-descargar-e-instalar-la-app-y-apk-de-sportsbet-para-android","status":"publish","type":"page","link":"https:\/\/descargar.app\/mx\/sportsbet-como-descargar-e-instalar-la-app-y-apk-de-sportsbet-para-android\/","title":{"rendered":"Sportsbet c\u00f3mo descargar e instalar la app y apk de Sportsbet para Android"},"content":{"rendered":"\n<p>En momentos de extrema dependencia tecnol\u00f3gica, es sabio pegarnos de los nuevos impulsos, y sostenernos de acuerdo a las previsiones marcadas. Esto no es para nada negativo, es m\u00e1s, incluye m\u00e1s sostenibilidades positivas que cualquier otra y ya lo ir\u00e1s viendo. A medida que va pasando el tiempo, y que vas entendiendo de qu\u00e9 manera transcurre la vida y nuestros impulsos vamos a ir componiendo el sistema y sus efectos. Para estos casos en especial tenemos mucha tela de d\u00f3nde cortar y mucha masa de la cual solventar las faltantes para hacer de nuestro paso el mejor de todos. Sportsbet.io en M\u00e9xico es una de las que se ha sumado, y su entrega es tan espectacular que necesitamos contenido de primera calidad para comprenderlo.<\/p>\n\n\n\n<p>Su App llega como anillo al dedo, a suplir muchas de las falencias, y a cumplir con un rol en concreto, que no es otro que imponer tendencia, en medio de un escenario competido y agresivo. Eso s\u00ed, para todo necesitamos apoyos, y estos apoyos deben venir de l\u00edderes naturales, con la experiencia y con la asignatura cumplida en base a sus gestiones del medio. En Descargar.app te lo damos todo, y lo mejor es que se entrega de una manera sencilla, bien constituida y gratuita. No te quedes sin ser parte de este movimiento, para evitar entrar en el hueco sin salida que imputa la falta de coherencia y desarrollo profesional.<\/p>\n\n\n\n<p>Entre otras cosas porque en nuestro sitio, y como seguramente lo est\u00e1s comprobando no nos quedamos con una simple opini\u00f3n. Nosotros contrastamos todo, intentamos ser equitativos y exponemos en la misma plataforma el completo de los sistemas generando decisiones automatizadas por el raciocinio solventado en estudios comprobables. Es un buen momento para cambiar y al decisi\u00f3n es propia. Bienvenidos.<\/p>\n\n\n\n<h2 class=\"wp-block-heading\">Historia + conocimiento general de Sportsbet.io, la manera indicada para generar lazos de confianza en M\u00e9xico<\/h2>\n\n\n\n<p>Una casa de apuestas desde su explicaci\u00f3n base nos empieza a mostrar mucho m\u00e1s de lo que nosotros mismos somos capaces de procesar. En este caso, Sportsbet.io es una compa\u00f1\u00eda de las m\u00e1s nuevas del mercado, con solo 4 a\u00f1os de gesti\u00f3n y salida a la luz p\u00fablica, pero con un legado importante y detallado que le da el hecho de ser operada por Coingaming Group. Se autodenominan como un competidor integral, que a la sumatoria ordinaria de apuestas del casino, casino en vivo y apuestas deportivas, le suma el hecho de suministrar opciones multidivisas para diversificar sus sistemas de ingresos y retiros del dinero.<\/p>\n\n\n\n<p>Su representaci\u00f3n se reparte por varios pa\u00edses o naciones de Europa, Sudam\u00e9rica y Asia, y adem\u00e1s, contiene permisos en muchas m\u00e1s de acuerdo a la ley de expansi\u00f3n que permite la red siempre y cuando se respeten las leyes internas de cuidado y respaldo de los datos y el dinero. Timothy John Heath fue el encargado de dar apertura a este ambiente,entregando de inmediato un buen margen de colch\u00f3n con apuestas en los deportes m\u00e1s practicados del mundo, adem\u00e1s de un buen margen de cuotas, opciones de mercado y variaciones de acuerdo a un buen margen de datos t\u00e9cnicos que le dan mucho poder a su estructura digital.<\/p>\n\n\n\n<h3 class=\"wp-block-heading\">Una visi\u00f3n mucho m\u00e1s detallada de su puesta en escena<\/h3>\n\n\n\n<p>Una p\u00e1gina  robusta, sencilla de interpretar, y con tantas opciones que es sencillo confundirse. Los usuarios de Sportsbet.io conviven con un ambiente dedicado, pulido y que adem\u00e1s de ello le entrega como gancho la mejor maniobra permitida, los bonos. Son los mejores sin duda del entorno en la industria, y muchas veces este apelativo no solo se sostiene en su valor, sino en las facilidades y las fuerzas que emplea para darle exposici\u00f3n. Todo en favor de este hecho, y para ustedes la dedicaci\u00f3n absoluta de l\u00edderes tras la estructura profesional.<\/p>\n\n\n\n<h2 class=\"wp-block-heading\">La App de Sportsbet.io y su manera exitosa de ser descargada e instalada en un dispositivo m\u00f3vil con OS Android en el 2020<\/h2>\n\n\n\n<p>Hay que partir del hecho que para tener instalada una App o Apk en un dispositivo m\u00f3vil, se debe ser riguroso y asertivo en cada movimiento que estemos gestionando. <\/p>\n\n\n\n<p><\/p>\n\n\n\n<p><\/p>\n\n\n\n<p><\/p>\n","protected":false},"excerpt":{"rendered":"<p>En momentos de extrema dependencia tecnol\u00f3gica, es sabio pegarnos de los nuevos impulsos, y sostenernos de acuerdo a las previsiones marcadas. Esto no es para nada negativo, es m\u00e1s, incluye m\u00e1s sostenibilidades positivas que cualquier otra y ya lo ir\u00e1s viendo. A medida que va pasando el tiempo, y que vas entendiendo de qu\u00e9 manera &#8230; <a title=\"Sportsbet c\u00f3mo descargar e instalar la app y apk de Sportsbet para Android\" class=\"read-more\" href=\"https:\/\/descargar.app\/mx\/sportsbet-como-descargar-e-instalar-la-app-y-apk-de-sportsbet-para-android\/\" aria-label=\"Read more about Sportsbet c\u00f3mo descargar e instalar la app y apk de Sportsbet para Android\">Read more<\/a><\/p>\n","protected":false},"author":8,"featured_media":0,"parent":0,"menu_order":0,"comment_status":"closed","ping_status":"closed","template":"","meta":{"_uag_custom_page_level_css":"","generate_page_header":"","footnotes":""},"class_list":["post-4347","page","type-page","status-publish"],"yoast_head":"<!-- This site is optimized with the Yoast SEO Premium plugin v27.1 (Yoast SEO v27.4) - https:\/\/yoast.com\/product\/yoast-seo-premium-wordpress\/ -->\n<title>Sportsbet c\u00f3mo descargar e instalar la app y apk de Sportsbet para Android - Descargar App<\/title>\n<meta name=\"robots\" content=\"index, follow, max-snippet:-1, max-image-preview:large, max-video-preview:-1\" \/>\n<link rel=\"canonical\" href=\"https:\/\/descargar.app\/mx\/sportsbet-como-descargar-e-instalar-la-app-y-apk-de-sportsbet-para-android\/\" \/>\n<meta property=\"og:locale\" content=\"es_ES\" \/>\n<meta property=\"og:type\" content=\"article\" \/>\n<meta property=\"og:title\" content=\"Sportsbet c\u00f3mo descargar e instalar la app y apk de Sportsbet para Android\" \/>\n<meta property=\"og:description\" content=\"En momentos de extrema dependencia tecnol\u00f3gica, es sabio pegarnos de los nuevos impulsos, y sostenernos de acuerdo a las previsiones marcadas. Esto no es para nada negativo, es m\u00e1s, incluye m\u00e1s sostenibilidades positivas que cualquier otra y ya lo ir\u00e1s viendo. A medida que va pasando el tiempo, y que vas entendiendo de qu\u00e9 manera ... Read more\" \/>\n<meta property=\"og:url\" content=\"https:\/\/descargar.app\/mx\/sportsbet-como-descargar-e-instalar-la-app-y-apk-de-sportsbet-para-android\/\" \/>\n<meta property=\"og:site_name\" content=\"Descargar App\" \/>\n<meta name=\"twitter:card\" content=\"summary_large_image\" \/>\n<meta name=\"twitter:label1\" content=\"Est. reading time\" \/>\n\t<meta name=\"twitter:data1\" content=\"4 minutes\" \/>\n<script type=\"application\/ld+json\" class=\"yoast-schema-graph\">{\"@context\":\"https:\\\/\\\/schema.org\",\"@graph\":[{\"@type\":\"WebPage\",\"@id\":\"https:\\\/\\\/descargar.app\\\/mx\\\/sportsbet-como-descargar-e-instalar-la-app-y-apk-de-sportsbet-para-android\\\/\",\"url\":\"https:\\\/\\\/descargar.app\\\/mx\\\/sportsbet-como-descargar-e-instalar-la-app-y-apk-de-sportsbet-para-android\\\/\",\"name\":\"Sportsbet c\u00f3mo descargar e instalar la app y apk de Sportsbet para Android - Descargar App\",\"isPartOf\":{\"@id\":\"https:\\\/\\\/descargar.app\\\/#website\"},\"datePublished\":\"2021-05-11T09:55:26+00:00\",\"breadcrumb\":{\"@id\":\"https:\\\/\\\/descargar.app\\\/mx\\\/sportsbet-como-descargar-e-instalar-la-app-y-apk-de-sportsbet-para-android\\\/#breadcrumb\"},\"inLanguage\":\"es-mx\",\"potentialAction\":[{\"@type\":\"ReadAction\",\"target\":[\"https:\\\/\\\/descargar.app\\\/mx\\\/sportsbet-como-descargar-e-instalar-la-app-y-apk-de-sportsbet-para-android\\\/\"]}]},{\"@type\":\"BreadcrumbList\",\"@id\":\"https:\\\/\\\/descargar.app\\\/mx\\\/sportsbet-como-descargar-e-instalar-la-app-y-apk-de-sportsbet-para-android\\\/#breadcrumb\",\"itemListElement\":[{\"@type\":\"ListItem\",\"position\":1,\"name\":\"Portada\",\"item\":\"https:\\\/\\\/descargar.app\\\/mx\\\/editar-mx\\\/\"},{\"@type\":\"ListItem\",\"position\":2,\"name\":\"Sportsbet c\u00f3mo descargar e instalar la app y apk de Sportsbet para Android\"}]},{\"@type\":\"WebSite\",\"@id\":\"https:\\\/\\\/descargar.app\\\/#website\",\"url\":\"https:\\\/\\\/descargar.app\\\/\",\"name\":\"Descargar App\",\"description\":\"\",\"publisher\":{\"@id\":\"https:\\\/\\\/descargar.app\\\/#organization\"},\"potentialAction\":[{\"@type\":\"SearchAction\",\"target\":{\"@type\":\"EntryPoint\",\"urlTemplate\":\"https:\\\/\\\/descargar.app\\\/?s={search_term_string}\"},\"query-input\":{\"@type\":\"PropertyValueSpecification\",\"valueRequired\":true,\"valueName\":\"search_term_string\"}}],\"inLanguage\":\"es-mx\"},{\"@type\":\"Organization\",\"@id\":\"https:\\\/\\\/descargar.app\\\/#organization\",\"name\":\"Descargar App\",\"url\":\"https:\\\/\\\/descargar.app\\\/\",\"logo\":{\"@type\":\"ImageObject\",\"inLanguage\":\"es-mx\",\"@id\":\"https:\\\/\\\/descargar.app\\\/#\\\/schema\\\/logo\\\/image\\\/\",\"url\":\"https:\\\/\\\/descargar.app\\\/wp-content\\\/uploads\\\/2019\\\/03\\\/logo-descargarapphome-1.png\",\"contentUrl\":\"https:\\\/\\\/descargar.app\\\/wp-content\\\/uploads\\\/2019\\\/03\\\/logo-descargarapphome-1.png\",\"width\":350,\"height\":70,\"caption\":\"Descargar App\"},\"image\":{\"@id\":\"https:\\\/\\\/descargar.app\\\/#\\\/schema\\\/logo\\\/image\\\/\"}}]}<\/script>\n<!-- \/ Yoast SEO Premium plugin. -->","yoast_head_json":{"title":"Sportsbet c\u00f3mo descargar e instalar la app y apk de Sportsbet para Android - Descargar App","robots":{"index":"index","follow":"follow","max-snippet":"max-snippet:-1","max-image-preview":"max-image-preview:large","max-video-preview":"max-video-preview:-1"},"canonical":"https:\/\/descargar.app\/mx\/sportsbet-como-descargar-e-instalar-la-app-y-apk-de-sportsbet-para-android\/","og_locale":"es_ES","og_type":"article","og_title":"Sportsbet c\u00f3mo descargar e instalar la app y apk de Sportsbet para Android","og_description":"En momentos de extrema dependencia tecnol\u00f3gica, es sabio pegarnos de los nuevos impulsos, y sostenernos de acuerdo a las previsiones marcadas. Esto no es para nada negativo, es m\u00e1s, incluye m\u00e1s sostenibilidades positivas que cualquier otra y ya lo ir\u00e1s viendo. A medida que va pasando el tiempo, y que vas entendiendo de qu\u00e9 manera ... Read more","og_url":"https:\/\/descargar.app\/mx\/sportsbet-como-descargar-e-instalar-la-app-y-apk-de-sportsbet-para-android\/","og_site_name":"Descargar App","twitter_card":"summary_large_image","twitter_misc":{"Est. reading time":"4 minutes"},"schema":{"@context":"https:\/\/schema.org","@graph":[{"@type":"WebPage","@id":"https:\/\/descargar.app\/mx\/sportsbet-como-descargar-e-instalar-la-app-y-apk-de-sportsbet-para-android\/","url":"https:\/\/descargar.app\/mx\/sportsbet-como-descargar-e-instalar-la-app-y-apk-de-sportsbet-para-android\/","name":"Sportsbet c\u00f3mo descargar e instalar la app y apk de Sportsbet para Android - Descargar App","isPartOf":{"@id":"https:\/\/descargar.app\/#website"},"datePublished":"2021-05-11T09:55:26+00:00","breadcrumb":{"@id":"https:\/\/descargar.app\/mx\/sportsbet-como-descargar-e-instalar-la-app-y-apk-de-sportsbet-para-android\/#breadcrumb"},"inLanguage":"es-mx","potentialAction":[{"@type":"ReadAction","target":["https:\/\/descargar.app\/mx\/sportsbet-como-descargar-e-instalar-la-app-y-apk-de-sportsbet-para-android\/"]}]},{"@type":"BreadcrumbList","@id":"https:\/\/descargar.app\/mx\/sportsbet-como-descargar-e-instalar-la-app-y-apk-de-sportsbet-para-android\/#breadcrumb","itemListElement":[{"@type":"ListItem","position":1,"name":"Portada","item":"https:\/\/descargar.app\/mx\/editar-mx\/"},{"@type":"ListItem","position":2,"name":"Sportsbet c\u00f3mo descargar e instalar la app y apk de Sportsbet para Android"}]},{"@type":"WebSite","@id":"https:\/\/descargar.app\/#website","url":"https:\/\/descargar.app\/","name":"Descargar App","description":"","publisher":{"@id":"https:\/\/descargar.app\/#organization"},"potentialAction":[{"@type":"SearchAction","target":{"@type":"EntryPoint","urlTemplate":"https:\/\/descargar.app\/?s={search_term_string}"},"query-input":{"@type":"PropertyValueSpecification","valueRequired":true,"valueName":"search_term_string"}}],"inLanguage":"es-mx"},{"@type":"Organization","@id":"https:\/\/descargar.app\/#organization","name":"Descargar App","url":"https:\/\/descargar.app\/","logo":{"@type":"ImageObject","inLanguage":"es-mx","@id":"https:\/\/descargar.app\/#\/schema\/logo\/image\/","url":"https:\/\/descargar.app\/wp-content\/uploads\/2019\/03\/logo-descargarapphome-1.png","contentUrl":"https:\/\/descargar.app\/wp-content\/uploads\/2019\/03\/logo-descargarapphome-1.png","width":350,"height":70,"caption":"Descargar App"},"image":{"@id":"https:\/\/descargar.app\/#\/schema\/logo\/image\/"}}]}},"uagb_featured_image_src":{"full":false,"thumbnail":false,"medium":false,"medium_large":false,"large":false,"1536x1536":false,"2048x2048":false},"uagb_author_info":{"display_name":"johan","author_link":"https:\/\/descargar.app\/mx\/author\/johan\/"},"uagb_comment_info":0,"uagb_excerpt":"En momentos de extrema dependencia tecnol\u00f3gica, es sabio pegarnos de los nuevos impulsos, y sostenernos de acuerdo a las previsiones marcadas. Esto no es para nada negativo, es m\u00e1s, incluye m\u00e1s sostenibilidades positivas que cualquier otra y ya lo ir\u00e1s viendo. A medida que va pasando el tiempo, y que vas entendiendo de qu\u00e9 manera&hellip;","_links":{"self":[{"href":"https:\/\/descargar.app\/mx\/wp-json\/wp\/v2\/pages\/4347","targetHints":{"allow":["GET"]}}],"collection":[{"href":"https:\/\/descargar.app\/mx\/wp-json\/wp\/v2\/pages"}],"about":[{"href":"https:\/\/descargar.app\/mx\/wp-json\/wp\/v2\/types\/page"}],"author":[{"embeddable":true,"href":"https:\/\/descargar.app\/mx\/wp-json\/wp\/v2\/users\/8"}],"replies":[{"embeddable":true,"href":"https:\/\/descargar.app\/mx\/wp-json\/wp\/v2\/comments?post=4347"}],"version-history":[{"count":5,"href":"https:\/\/descargar.app\/mx\/wp-json\/wp\/v2\/pages\/4347\/revisions"}],"predecessor-version":[{"id":4352,"href":"https:\/\/descargar.app\/mx\/wp-json\/wp\/v2\/pages\/4347\/revisions\/4352"}],"wp:attachment":[{"href":"https:\/\/descargar.app\/mx\/wp-json\/wp\/v2\/media?parent=4347"}],"curies":[{"name":"wp","href":"https:\/\/api.w.org\/{rel}","templated":true}]}}