{"id":31985,"date":"2023-01-19T14:01:38","date_gmt":"2023-01-19T12:01:38","guid":{"rendered":"https:\/\/descargar.app\/?page_id=31985"},"modified":"2026-02-07T16:44:35","modified_gmt":"2026-02-07T14:44:35","slug":"editar-3","status":"publish","type":"page","link":"https:\/\/descargar.app\/co\/","title":{"rendered":"Mejores Aplicaciones de Apuestas en Colombia"},"content":{"rendered":"<h2>mejores APPS de las casas de apuestas<\/h2>\n<h2>Disponibles en Colombia<\/h2>\n<p>Las mejores <strong>casas de apuestas del mercado colombiano<\/strong> disponen de sus <strong>aplicaciones m\u00f3viles<\/strong> para que puedas jugar desde la comodidad de tu dispositivo personal. A continuaci\u00f3n, <strong>te contamos sobre las mejores opciones y te brindamos el bot\u00f3n de descarga<\/strong> correspondiente. Recuerda jugar con <strong>responsabilidad<\/strong> y se consciente de la <strong>edad m\u00ednima legal<\/strong> para hacerlo.<\/p>\n<p><a href=\"https:\/\/recor.to\/codereco\"><br \/>\n1\u00ba<\/a><\/p>\n<p><b>La App de Luckia<\/b><\/p>\n<p>Luckia ofrece un <strong>excelente servicio de entretenimiento en l\u00ednea<\/strong> y es una de las casas l\u00edderes entre los usuarios colombianos. Juega desde tu <strong>dispositivo m\u00f3vil, tel\u00e9fono o tableta<\/strong> y descubre todo su potencial.<br \/>\n<a href=\"https:\/\/recor.to\/luckiaco\"><br \/>\n<img decoding=\"async\" src=\"https:\/\/descargar.app\/wp-content\/uploads\/2019\/04\/1available.png\" alt=\"\" width=\"156\" height=\"54\" \/> <\/a><br \/>\n<a href=\"https:\/\/recor.to\/luckiaco\"><br \/>\n<img decoding=\"async\" src=\"https:\/\/descargar.app\/wp-content\/uploads\/2019\/04\/1available2.png\" alt=\"\" width=\"164\" height=\"51\" \/> <\/a><\/p>\n<p style=\"text-align: center;\"><a style=\"color: #000000;\" href=\"https:\/\/descargar.app\/co\/luckia\/\"><strong>+ Informaci\u00f3n de Luckia<\/strong><\/a><\/p>\n<p><a href=\"https:\/\/recor.to\/betssonco\"><br \/>\n2\u00ba<br \/>\n<\/a><\/p>\n<p><strong>La App de Betsson<\/strong><\/p>\n<p><strong>Betsson<\/strong> es el gigante sueco de las apuestas y ofrece toda la dimensi\u00f3n de su <strong>excelente plataforma<\/strong> para usuarios en Colombia. En su sitio, encontrar\u00e1s las<strong> instrucciones para descargar la aplicaci\u00f3n m\u00f3vil<\/strong> para cada sistema operativo.<\/p>\n<p><a href=\"https:\/\/recor.to\/betssonco\"><br \/>\n<img decoding=\"async\" src=\"https:\/\/descargar.app\/wp-content\/uploads\/2019\/04\/1available.png\" alt=\"\" width=\"156\" height=\"54\" \/> <\/a><br \/>\n<a href=\"https:\/\/recor.to\/betssonco\"><br \/>\n<img decoding=\"async\" src=\"https:\/\/descargar.app\/wp-content\/uploads\/2019\/04\/1available2.png\" alt=\"\" width=\"164\" height=\"51\" \/> <\/a><\/p>\n<p style=\"text-align: center;\"><a style=\"color: #000000;\" href=\"https:\/\/descargar.app\/co\/betsson\/\"><strong>+ Informaci\u00f3n de Betsson<\/strong><\/a><\/p>\n","protected":false},"excerpt":{"rendered":"<p>mejores APPS de las casas de apuestas Disponibles en Colombia Las mejores casas de apuestas del mercado colombiano disponen de sus aplicaciones m\u00f3viles para que puedas jugar desde la comodidad de tu dispositivo personal. A continuaci\u00f3n, te contamos sobre las mejores opciones y te brindamos el bot\u00f3n de descarga correspondiente. Recuerda jugar con responsabilidad y &#8230; <a title=\"Mejores Aplicaciones de Apuestas en Colombia\" class=\"read-more\" href=\"https:\/\/descargar.app\/co\/\" aria-label=\"Read more about Mejores Aplicaciones de Apuestas en Colombia\">Read more<\/a><\/p>\n","protected":false},"author":1,"featured_media":0,"parent":0,"menu_order":0,"comment_status":"closed","ping_status":"closed","template":"","meta":{"_uag_custom_page_level_css":"","generate_page_header":"","footnotes":""},"class_list":["post-31985","page","type-page","status-publish"],"yoast_head":"<!-- This site is optimized with the Yoast SEO Premium plugin v27.1 (Yoast SEO v27.3) - https:\/\/yoast.com\/product\/yoast-seo-premium-wordpress\/ -->\n<title>Mejores Aplicaciones de Apuestas en Colombia - Descargar App<\/title>\n<meta name=\"robots\" content=\"index, follow, max-snippet:-1, max-image-preview:large, max-video-preview:-1\" \/>\n<link rel=\"canonical\" href=\"https:\/\/descargar.app\/co\/\" \/>\n<meta property=\"og:locale\" content=\"es_ES\" \/>\n<meta property=\"og:type\" content=\"article\" \/>\n<meta property=\"og:title\" content=\"Mejores Aplicaciones de Apuestas en Colombia\" \/>\n<meta property=\"og:description\" content=\"mejores APPS de las casas de apuestas Disponibles en Colombia Las mejores casas de apuestas del mercado colombiano disponen de sus aplicaciones m\u00f3viles para que puedas jugar desde la comodidad de tu dispositivo personal. A continuaci\u00f3n, te contamos sobre las mejores opciones y te brindamos el bot\u00f3n de descarga correspondiente. Recuerda jugar con responsabilidad y ... Read more\" \/>\n<meta property=\"og:url\" content=\"https:\/\/descargar.app\/co\/\" \/>\n<meta property=\"og:site_name\" content=\"Descargar App\" \/>\n<meta property=\"article:modified_time\" content=\"2026-02-07T14:44:35+00:00\" \/>\n<meta property=\"og:image\" content=\"https:\/\/descargar.app\/wp-content\/uploads\/2019\/04\/1available.png\" \/>\n<meta name=\"twitter:card\" content=\"summary_large_image\" \/>\n<meta name=\"twitter:label1\" content=\"Tiempo de lectura\" \/>\n\t<meta name=\"twitter:data1\" content=\"2 minutos\" \/>\n<script type=\"application\/ld+json\" class=\"yoast-schema-graph\">{\"@context\":\"https:\\\/\\\/schema.org\",\"@graph\":[{\"@type\":\"WebPage\",\"@id\":\"https:\\\/\\\/descargar.app\\\/co\\\/\",\"url\":\"https:\\\/\\\/descargar.app\\\/co\\\/\",\"name\":\"Mejores Aplicaciones de Apuestas en Colombia - Descargar App\",\"isPartOf\":{\"@id\":\"https:\\\/\\\/descargar.app\\\/#website\"},\"primaryImageOfPage\":{\"@id\":\"https:\\\/\\\/descargar.app\\\/co\\\/#primaryimage\"},\"image\":{\"@id\":\"https:\\\/\\\/descargar.app\\\/co\\\/#primaryimage\"},\"thumbnailUrl\":\"https:\\\/\\\/descargar.app\\\/wp-content\\\/uploads\\\/2019\\\/04\\\/1available.png\",\"datePublished\":\"2023-01-19T12:01:38+00:00\",\"dateModified\":\"2026-02-07T14:44:35+00:00\",\"breadcrumb\":{\"@id\":\"https:\\\/\\\/descargar.app\\\/co\\\/#breadcrumb\"},\"inLanguage\":\"es-CO\",\"potentialAction\":[{\"@type\":\"ReadAction\",\"target\":[\"https:\\\/\\\/descargar.app\\\/co\\\/\"]}]},{\"@type\":\"ImageObject\",\"inLanguage\":\"es-CO\",\"@id\":\"https:\\\/\\\/descargar.app\\\/co\\\/#primaryimage\",\"url\":\"https:\\\/\\\/descargar.app\\\/wp-content\\\/uploads\\\/2019\\\/04\\\/1available.png\",\"contentUrl\":\"https:\\\/\\\/descargar.app\\\/wp-content\\\/uploads\\\/2019\\\/04\\\/1available.png\"},{\"@type\":\"BreadcrumbList\",\"@id\":\"https:\\\/\\\/descargar.app\\\/co\\\/#breadcrumb\",\"itemListElement\":[{\"@type\":\"ListItem\",\"position\":1,\"name\":\"Portada\",\"item\":\"https:\\\/\\\/descargar.app\\\/co\\\/\"},{\"@type\":\"ListItem\",\"position\":2,\"name\":\"Mejores Aplicaciones de Apuestas en Colombia\"}]},{\"@type\":\"WebSite\",\"@id\":\"https:\\\/\\\/descargar.app\\\/#website\",\"url\":\"https:\\\/\\\/descargar.app\\\/\",\"name\":\"Descargar App\",\"description\":\"\",\"publisher\":{\"@id\":\"https:\\\/\\\/descargar.app\\\/#organization\"},\"potentialAction\":[{\"@type\":\"SearchAction\",\"target\":{\"@type\":\"EntryPoint\",\"urlTemplate\":\"https:\\\/\\\/descargar.app\\\/?s={search_term_string}\"},\"query-input\":{\"@type\":\"PropertyValueSpecification\",\"valueRequired\":true,\"valueName\":\"search_term_string\"}}],\"inLanguage\":\"es-CO\"},{\"@type\":\"Organization\",\"@id\":\"https:\\\/\\\/descargar.app\\\/#organization\",\"name\":\"Descargar App\",\"url\":\"https:\\\/\\\/descargar.app\\\/\",\"logo\":{\"@type\":\"ImageObject\",\"inLanguage\":\"es-CO\",\"@id\":\"https:\\\/\\\/descargar.app\\\/#\\\/schema\\\/logo\\\/image\\\/\",\"url\":\"https:\\\/\\\/descargar.app\\\/wp-content\\\/uploads\\\/2019\\\/03\\\/logo-descargarapphome-1.png\",\"contentUrl\":\"https:\\\/\\\/descargar.app\\\/wp-content\\\/uploads\\\/2019\\\/03\\\/logo-descargarapphome-1.png\",\"width\":350,\"height\":70,\"caption\":\"Descargar App\"},\"image\":{\"@id\":\"https:\\\/\\\/descargar.app\\\/#\\\/schema\\\/logo\\\/image\\\/\"}}]}<\/script>\n<!-- \/ Yoast SEO Premium plugin. -->","yoast_head_json":{"title":"Mejores Aplicaciones de Apuestas en Colombia - Descargar App","robots":{"index":"index","follow":"follow","max-snippet":"max-snippet:-1","max-image-preview":"max-image-preview:large","max-video-preview":"max-video-preview:-1"},"canonical":"https:\/\/descargar.app\/co\/","og_locale":"es_ES","og_type":"article","og_title":"Mejores Aplicaciones de Apuestas en Colombia","og_description":"mejores APPS de las casas de apuestas Disponibles en Colombia Las mejores casas de apuestas del mercado colombiano disponen de sus aplicaciones m\u00f3viles para que puedas jugar desde la comodidad de tu dispositivo personal. A continuaci\u00f3n, te contamos sobre las mejores opciones y te brindamos el bot\u00f3n de descarga correspondiente. Recuerda jugar con responsabilidad y ... Read more","og_url":"https:\/\/descargar.app\/co\/","og_site_name":"Descargar App","article_modified_time":"2026-02-07T14:44:35+00:00","og_image":[{"url":"https:\/\/descargar.app\/wp-content\/uploads\/2019\/04\/1available.png","type":"","width":"","height":""}],"twitter_card":"summary_large_image","twitter_misc":{"Tiempo de lectura":"2 minutos"},"schema":{"@context":"https:\/\/schema.org","@graph":[{"@type":"WebPage","@id":"https:\/\/descargar.app\/co\/","url":"https:\/\/descargar.app\/co\/","name":"Mejores Aplicaciones de Apuestas en Colombia - Descargar App","isPartOf":{"@id":"https:\/\/descargar.app\/#website"},"primaryImageOfPage":{"@id":"https:\/\/descargar.app\/co\/#primaryimage"},"image":{"@id":"https:\/\/descargar.app\/co\/#primaryimage"},"thumbnailUrl":"https:\/\/descargar.app\/wp-content\/uploads\/2019\/04\/1available.png","datePublished":"2023-01-19T12:01:38+00:00","dateModified":"2026-02-07T14:44:35+00:00","breadcrumb":{"@id":"https:\/\/descargar.app\/co\/#breadcrumb"},"inLanguage":"es-CO","potentialAction":[{"@type":"ReadAction","target":["https:\/\/descargar.app\/co\/"]}]},{"@type":"ImageObject","inLanguage":"es-CO","@id":"https:\/\/descargar.app\/co\/#primaryimage","url":"https:\/\/descargar.app\/wp-content\/uploads\/2019\/04\/1available.png","contentUrl":"https:\/\/descargar.app\/wp-content\/uploads\/2019\/04\/1available.png"},{"@type":"BreadcrumbList","@id":"https:\/\/descargar.app\/co\/#breadcrumb","itemListElement":[{"@type":"ListItem","position":1,"name":"Portada","item":"https:\/\/descargar.app\/co\/"},{"@type":"ListItem","position":2,"name":"Mejores Aplicaciones de Apuestas en Colombia"}]},{"@type":"WebSite","@id":"https:\/\/descargar.app\/#website","url":"https:\/\/descargar.app\/","name":"Descargar App","description":"","publisher":{"@id":"https:\/\/descargar.app\/#organization"},"potentialAction":[{"@type":"SearchAction","target":{"@type":"EntryPoint","urlTemplate":"https:\/\/descargar.app\/?s={search_term_string}"},"query-input":{"@type":"PropertyValueSpecification","valueRequired":true,"valueName":"search_term_string"}}],"inLanguage":"es-CO"},{"@type":"Organization","@id":"https:\/\/descargar.app\/#organization","name":"Descargar App","url":"https:\/\/descargar.app\/","logo":{"@type":"ImageObject","inLanguage":"es-CO","@id":"https:\/\/descargar.app\/#\/schema\/logo\/image\/","url":"https:\/\/descargar.app\/wp-content\/uploads\/2019\/03\/logo-descargarapphome-1.png","contentUrl":"https:\/\/descargar.app\/wp-content\/uploads\/2019\/03\/logo-descargarapphome-1.png","width":350,"height":70,"caption":"Descargar App"},"image":{"@id":"https:\/\/descargar.app\/#\/schema\/logo\/image\/"}}]}},"uagb_featured_image_src":{"full":false,"thumbnail":false,"medium":false,"medium_large":false,"large":false,"1536x1536":false,"2048x2048":false},"uagb_author_info":{"display_name":"admin","author_link":"https:\/\/descargar.app\/co\/author\/admin\/"},"uagb_comment_info":0,"uagb_excerpt":"mejores APPS de las casas de apuestas Disponibles en Colombia Las mejores casas de apuestas del mercado colombiano disponen de sus aplicaciones m\u00f3viles para que puedas jugar desde la comodidad de tu dispositivo personal. A continuaci\u00f3n, te contamos sobre las mejores opciones y te brindamos el bot\u00f3n de descarga correspondiente. Recuerda jugar con responsabilidad y&hellip;","_links":{"self":[{"href":"https:\/\/descargar.app\/co\/wp-json\/wp\/v2\/pages\/31985","targetHints":{"allow":["GET"]}}],"collection":[{"href":"https:\/\/descargar.app\/co\/wp-json\/wp\/v2\/pages"}],"about":[{"href":"https:\/\/descargar.app\/co\/wp-json\/wp\/v2\/types\/page"}],"author":[{"embeddable":true,"href":"https:\/\/descargar.app\/co\/wp-json\/wp\/v2\/users\/1"}],"replies":[{"embeddable":true,"href":"https:\/\/descargar.app\/co\/wp-json\/wp\/v2\/comments?post=31985"}],"version-history":[{"count":12,"href":"https:\/\/descargar.app\/co\/wp-json\/wp\/v2\/pages\/31985\/revisions"}],"predecessor-version":[{"id":54403,"href":"https:\/\/descargar.app\/co\/wp-json\/wp\/v2\/pages\/31985\/revisions\/54403"}],"wp:attachment":[{"href":"https:\/\/descargar.app\/co\/wp-json\/wp\/v2\/media?parent=31985"}],"curies":[{"name":"wp","href":"https:\/\/api.w.org\/{rel}","templated":true}]}}